{"id":1196,"date":"2014-05-30T20:58:51","date_gmt":"2014-05-30T18:58:51","guid":{"rendered":"http:\/\/www.sk2hg.se\/wp\/?page_id=1196"},"modified":"2023-11-21T16:26:26","modified_gmt":"2023-11-21T15:26:26","slug":"seskaro-field-day-2014","status":"publish","type":"page","link":"https:\/\/www.sk2hg.se\/wp\/?page_id=1196","title":{"rendered":"Seskar\u00f6 Field day 2015"},"content":{"rendered":"<p><a style=\"line-height: 1.714285714; font-size: 1rem;\" href=\"https:\/\/www.sk2hg.se\/wp\/wp-content\/uploads\/2014\/05\/lagergarden.jpg\"><img loading=\"lazy\" decoding=\"async\" class=\"alignnone size-full wp-image-1192\" alt=\"lagergarden\" src=\"https:\/\/www.sk2hg.se\/wp\/wp-content\/uploads\/2014\/05\/lagergarden.jpg\" width=\"640\" height=\"322\" srcset=\"https:\/\/www.sk2hg.se\/wp\/wp-content\/uploads\/2014\/05\/lagergarden.jpg 640w, https:\/\/www.sk2hg.se\/wp\/wp-content\/uploads\/2014\/05\/lagergarden-300x150.jpg 300w, https:\/\/www.sk2hg.se\/wp\/wp-content\/uploads\/2014\/05\/lagergarden-624x313.jpg 624w\" sizes=\"auto, (max-width: 640px) 100vw, 640px\" \/><\/a><\/p>\n<p><span style=\"font-size: small;\"><strong><span style=\"line-height: 1.714285714;\">Kalix radioklubb SK2HG inbjuder h\u00e4rmed radioamat\u00f6rer och intresserade till Seskar\u00f6 Fieldday den 31 Juli &#8211; 2 Aug 2015.<\/span><\/strong><\/span><\/p>\n<p><span style=\"font-size: small;\">F\u00f6r tionde \u00e5ret i rad anordnar vi nu \u00e5ter \u2018Field-day\u2019 p\u00e5 det natursk\u00f6na Seskar\u00f6, d\u00e4r vi hyr Kyrkans l\u00e4gerg\u00e5rd med samlingslokaler stort k\u00f6k och matsal. Vi har tillg\u00e5ng till ett 60-tal s\u00e4ngplatser i olika form som t.ex. \u00a07 st. 4-b\u00e4dds stugor, \u00a0n\u00e5gra 2-b\u00e4dds rum samt mera logementlikt boende. S\u00e4ngplatserna f\u00f6rdelar vi s\u00e5 r\u00e4ttvist vi kan och eftersom en del kommer med husbil eller husvagn brukar boendet fungera bra. Vi umg\u00e5s, k\u00f6r radio och lyssnar p\u00e5 f\u00f6redrag. Har ni n\u00e5tt ni vill s\u00e4lja s\u00e5 ta med det ocks\u00e5 till v\u00e5r miniloppis eller bakluckeloppis som det ibland kallas.<\/span><\/p>\n<p><span style=\"font-size: small;\">Vi disponerar anl\u00e4ggningen fr\u00e5n kl. 12.00 p\u00e5 fredagen till 12.00 p\u00e5 S\u00f6ndagen.<\/span><\/p>\n<p><span style=\"font-size: small;\">Inlotsning sker p\u00e5 R5 och R3 samt 3725 kHz gl\u00f6m ej att programmera in subtones\u00e4ndning <strong>107.2 Hz<\/strong> i din mobilrigg innan du \u00e5ker s\u00e5 du kan komma in p\u00e5 repeatrarna som nu har subtonesquelch.<\/span><\/p>\n<p><span style=\"line-height: 1.714285714; font-size: small;\">Denna sida uppdateras kontinuerligt med program, lotterier, f\u00f6redrag osv. s\u00e5 h\u00e5ll koll h\u00e4r.<\/span><\/p>\n<p><span style=\"font-size: small;\"><strong>F\u00f6ranm\u00e4lan &amp; Bokning\u00a0<\/strong><\/span><\/p>\n<p><span style=\"font-size: small;\">F\u00f6ranm\u00e4lan &amp; Bokning av middag. boende eller parkering Husvagnar\/Husbilar (med m\u00f6jlighet till el) g\u00f6r ni senast 20\/7 s\u00e5 att kockarna har tid till f\u00f6rberedelser (men viss efteranm\u00e4lan fixar sig oftast ocks\u00e5)<\/span><\/p>\n<p><span style=\"font-size: small;\">Bindande anm\u00e4lan g\u00f6rs genom inbetalning f\u00f6r middag, boende och parkering till Kalix Radioklubb Plusgiro 43 23 30-9 eller f\u00f6r utl\u00e4ndska g\u00e4ster till BIC: NDEASESS IBAN: SE8295000099602604323309 (Kontant betalning p\u00e5 plats kan i undantagsfall accepteras efter personlig \u00f6verenskommelse med Yngve)<\/span><\/p>\n<p><span style=\"font-size: small;\"><strong>Priser:<\/strong><\/span><\/p>\n<p><span style=\"font-size: small;\">Boende i rum eller stuga SEK 100 \/ EUR 11 \/ per person och natt.<\/span><\/p>\n<p><span style=\"font-size: small;\">Parkering Husbil eller Husvagn (med tillg\u00e5ng till El), SEK 50 \/ EUR 5.5 \/ natt<\/span><\/p>\n<p><span style=\"font-size: small;\">L\u00f6rdagens festmiddag: SEK 250 \/ EUR 27<\/span><\/p>\n<p><span style=\"font-size: small;\">Meny:<br \/>\nF\u00f6rr\u00e4tt: Canape&#8217; med f\u00e4nk\u00e5lsgravad lax.<br \/>\n<\/span><span style=\"font-size: small;\">Varmr\u00e4tt: Ugnsbakad fylld laxfile&#8217; med vitvinss\u00e5s och kokt f\u00e4rskpotatis, sallad och hembakt br\u00f6d. Efterr\u00e4tt: Jubileumsbakelse med smak av choklad och punch.<\/span><\/p>\n<p><strong style=\"font-size: small; line-height: 1.714285714;\">\u00d6vrig f\u00f6rs\u00e4ljning:<\/strong><\/p>\n<p><span style=\"font-size: small;\">Grillen kommer att vara ig\u00e5ng i vanlig ordning s\u00e5 att det finns Hamburgare att stilla hungern med. Likas\u00e5 finns det \u00f6l, l\u00e4sk, kaffe och fika att k\u00f6pa. (kontant betalning).<\/span><\/p>\n<p><span style=\"font-size: small;\"><strong>Lotteriet:<\/strong><\/span><\/p>\n<p><span style=\"font-size: small;\">Vi har extra fina priser i \u00e5r f\u00f6r att fira 10 \u00e5rsjubilieet, 1a priset blir en IC-7100 v\u00e4rde ca 14-15000 kr<\/span><\/p>\n<p><strong>F\u00f6redrag under L\u00f6rdagen:<\/strong><\/p>\n<p>&#8211; Micke SM2WMV (kanske mer k\u00e4nd som SJ2W) kommer att beskriva hur man bygger upp en framg\u00e5ngsrik Conteststation.<br \/>\n&#8211; Rune SM5COP kommer att ber\u00e4tta om vad <strong>SOCWA &#8211;\u00a0Scandinavian Open CW Activity<\/strong> \u00a0\u00e4r f\u00f6r n\u00e5tt.<br \/>\n&#8211; Per SM2LiY kommer att h\u00e5lla sitt <a href=\"http:\/\/www.fura.se\/index.php\/nyheter\/klubbaktiviteter\/3058-klubbkvall-dar-sm2liy-per-undervisade-om-radiokonditioner\" target=\"_blank\">f\u00f6redrag om Konditioner och DX<\/a> &#8221;Hur man sp\u00e5r condsen&#8221;<\/p>\n<p>&nbsp;<\/p>\n","protected":false},"excerpt":{"rendered":"<p>Kalix radioklubb SK2HG inbjuder h\u00e4rmed radioamat\u00f6rer och intresserade till Seskar\u00f6 Fieldday den 31 Juli &#8211; 2 Aug 2015. F\u00f6r tionde \u00e5ret i rad anordnar vi nu \u00e5ter \u2018Field-day\u2019 p\u00e5 det natursk\u00f6na Seskar\u00f6, d\u00e4r vi hyr Kyrkans l\u00e4gerg\u00e5rd med samlingslokaler stort k\u00f6k och matsal. Vi har tillg\u00e5ng till ett 60-tal s\u00e4ngplatser i olika form som t.ex. [&hellip;]<\/p>\n","protected":false},"author":2,"featured_media":0,"parent":170,"menu_order":0,"comment_status":"closed","ping_status":"closed","template":"","meta":{"footnotes":""},"class_list":["post-1196","page","type-page","status-publish","hentry"],"_links":{"self":[{"href":"https:\/\/www.sk2hg.se\/wp\/index.php?rest_route=\/wp\/v2\/pages\/1196","targetHints":{"allow":["GET"]}}],"collection":[{"href":"https:\/\/www.sk2hg.se\/wp\/index.php?rest_route=\/wp\/v2\/pages"}],"about":[{"href":"https:\/\/www.sk2hg.se\/wp\/index.php?rest_route=\/wp\/v2\/types\/page"}],"author":[{"embeddable":true,"href":"https:\/\/www.sk2hg.se\/wp\/index.php?rest_route=\/wp\/v2\/users\/2"}],"replies":[{"embeddable":true,"href":"https:\/\/www.sk2hg.se\/wp\/index.php?rest_route=%2Fwp%2Fv2%2Fcomments&post=1196"}],"version-history":[{"count":38,"href":"https:\/\/www.sk2hg.se\/wp\/index.php?rest_route=\/wp\/v2\/pages\/1196\/revisions"}],"predecessor-version":[{"id":6010,"href":"https:\/\/www.sk2hg.se\/wp\/index.php?rest_route=\/wp\/v2\/pages\/1196\/revisions\/6010"}],"up":[{"embeddable":true,"href":"https:\/\/www.sk2hg.se\/wp\/index.php?rest_route=\/wp\/v2\/pages\/170"}],"wp:attachment":[{"href":"https:\/\/www.sk2hg.se\/wp\/index.php?rest_route=%2Fwp%2Fv2%2Fmedia&parent=1196"}],"curies":[{"name":"wp","href":"https:\/\/api.w.org\/{rel}","templated":true}]}}