{"id":122,"date":"2014-01-30T18:55:28","date_gmt":"2014-01-30T17:55:28","guid":{"rendered":"http:\/\/www.remoterig.com\/sk2hg\/wp\/?page_id=122"},"modified":"2024-05-19T12:33:07","modified_gmt":"2024-05-19T10:33:07","slug":"r3rv54-seskaro","status":"publish","type":"page","link":"https:\/\/www.sk2hg.se\/wp\/?page_id=122","title":{"rendered":"R3\/RV54 SESKAR\u00d6"},"content":{"rendered":"<p><span style=\"font-size: small;\">Repeatern \u00e4r placerad p\u00e5 p\u00e5 Seskar\u00f6 men tanken \u00e4r att den ocks\u00e5 skall t\u00e4cka Haparandaomr\u00e5det. P\u00e5 grund av sitt l\u00e4ge ute i Bottenviken g\u00e5r den bra att k\u00f6ra fr\u00e5n b\u00e5t l\u00e4ngs hela kusten. Antennen sitter ca: 50m upp i masten \/ ca: 77m \u00f6ver havsniv\u00e5. Repeatern togs i drift sommaren 2007.<\/span><\/p>\n<p><del><span style=\"font-size: small;\">2018-04-01 uppdaterades repeatern f\u00f6r att g\u00e5 i dual mode dvs. b\u00e5de som analog repeater och som digital DMR-repeater. Befintlig radio en Motorola MTR-2000 anv\u00e4nds. Jag tog fram ett v\u00e4xlingskort som monteras mellan ordinarie repeaterstyrkort och repeaterns bakplan. Detta kort kopplar om lf-ledningar, SQ, PTT osv s\u00e5 att antingen anv\u00e4ndes det analoga styrkortet eller s\u00e5 kopplas signalerna till MMDVM kortet som hanterar repeatern i digital mode. Val av mode sker helt automatiskt.<\/span><\/del><\/p>\n<p><del><span style=\"font-size: small;\">I DMR mode \u00e4r repeaterns Tidslucka 2 statiskt kopplad till Brandmeister Talgrupp 8 och 2402. Talgrupp 8 \u00e4r lokal talgrupp f\u00f6r Norrbotten. Repeaterns kontrollpanel finns <a href=\"https:\/\/44.140.70.23\">h\u00e4r=&gt;<\/a>\u00a0 Dynamiskt kan valfri talgrupp kopplas upp, Dynamiska uppkopplingar \u00e4r aktiva i ca 20 min (styrs av Brandmeister). I Brandmeister kallas repeatern SK2HG-3 dashboard finns <a href=\"https:\/\/brandmeister.network\/?page=repeater&amp;id=240205\">h\u00e4r-&gt;<\/a><\/span><\/del><\/p>\n<p><span style=\"font-size: small;\">R3:an var den f\u00f6rsta repeatern i Kalixlinjen med fast subtonesquelch.\u00a0S\u00e5 f\u00f6r att k\u00f6ra m\u00e5ste man programmera sin radio s\u00e5 att den s\u00e4nder 107.2 Hz CTCSS (subtone).\u00a0R3:an \u00a0\u00e4r kopplad till Kalix linjen, Man skall INTE anv\u00e4nda n\u00e5gon 1750 Hz ton utan alla repeatrar i repeaterkedjan Kalixlinjen \u00f6ppnar automatiskt d\u00e5 repeatern startar. Vill man k\u00f6ra lokalt \u00f6ver bara R3an s\u00e5 h\u00e5ller man ned DTMF 3 innan man trycker p\u00e5 PTT. Repeatern s\u00e4nder CTCSS 107.2 Hz och man b\u00f6r\u00a0 aktivera subtonesquelch i sin radio f\u00f6r att inte beh\u00f6va h\u00f6ra repeatern d\u00e5 den g\u00e5r i digital mode, man slipper d\u00e5 ocks\u00e5 st\u00f6rningar fr\u00e5n allt m\u00f6jligt fr\u00e4mst d\u00e5 man k\u00f6r i stan. Repeatern \u00e4r ansluten mot AMPRnet via 5GHz l\u00e4nk till Haparanda Vattentorn (21 km).<\/span><\/p>\n<p><span style=\"font-size: small;\">\u00a0<\/span><span style=\"font-size: small;\">VoIP L\u00e4nkningen<\/span><\/p>\n<p><span style=\"font-size: small;\">All l\u00e4nkning mellan repeatrarna bygger p\u00e5 &#8216;VoIP&#8217; teknik. Du kan l\u00e4sa mera om l\u00e4nkningen<a href=\"https:\/\/www.sk2hg.se\/wp\/?page_id=36\"> &#8211;&gt;H\u00e4r!<\/a><\/span><\/p>\n<p><span style=\"font-size: small;\"><img loading=\"lazy\" decoding=\"async\" style=\"font-size: 1rem; line-height: 1;\" alt=\"image\" src=\"https:\/\/www.remoterig.com\/picturepaster\/944ee85473bd4e3c8be887998527d56b.jpg\" width=\"463\" height=\"175\" border=\"0\" \/><\/span><\/p>\n<p><span style=\"font-size: small;\">Bilder<\/span><\/p>\n<p><a href=\"http:\/\/www.sk2hg.se\/wp\/wp-content\/uploads\/2018\/04\/DSC_0602.jpg\"><img loading=\"lazy\" decoding=\"async\" class=\"alignleft size-full wp-image-3576\" alt=\"DSC_0602\" src=\"https:\/\/www.sk2hg.se\/wp\/wp-content\/uploads\/2018\/04\/DSC_0602.jpg\" width=\"1920\" height=\"1080\" \/><\/a><\/p>\n<p>&nbsp;<\/p>\n<p><span style=\"font-size: small;\"><br \/>\nNedan: Repeater , filter, VoIP l\u00e5da mm. Foto: SM2OAN Micke (Ny bild 2018-04-01<\/span><\/p>\n<p><a href=\"https:\/\/www.sk2hg.se\/wp\/wp-content\/uploads\/2018\/04\/DSC_0604.jpg\"><img loading=\"lazy\" decoding=\"async\" class=\"alignleft size-full wp-image-3572\" alt=\"DSC_0604\" src=\"https:\/\/www.sk2hg.se\/wp\/wp-content\/uploads\/2018\/04\/DSC_0604.jpg\" width=\"1080\" height=\"1920\" \/><\/a><\/p>\n<p><span style=\"font-size: small;\">Nedan styrkorten monterade i Motorola MTR2000. Foto: SM2OAN Micke (Ny bild 2018-04-01)<\/span><\/p>\n<p><a style=\"font-size: 1rem;\" href=\"https:\/\/www.sk2hg.se\/wp\/wp-content\/uploads\/2018\/04\/DSC_0603.jpg\"><img loading=\"lazy\" decoding=\"async\" class=\"alignleft size-full wp-image-3570\" alt=\"DSC_0603\" src=\"http:\/\/www.sk2hg.se\/wp\/wp-content\/uploads\/2018\/04\/DSC_0603.jpg\" width=\"1920\" height=\"1080\" srcset=\"https:\/\/www.sk2hg.se\/wp\/wp-content\/uploads\/2018\/04\/DSC_0603.jpg 1920w, https:\/\/www.sk2hg.se\/wp\/wp-content\/uploads\/2018\/04\/DSC_0603-300x168.jpg 300w, https:\/\/www.sk2hg.se\/wp\/wp-content\/uploads\/2018\/04\/DSC_0603-624x351.jpg 624w\" sizes=\"auto, (max-width: 1920px) 100vw, 1920px\" \/><\/a><\/p>\n<p><span style=\"font-size: small;\">\u00a0<\/span><\/p>\n<p>Nedan korten urtagna ur repeatern: Analogt styrkort, <del>nya v\u00e4xlingskortet och nedanf\u00f6r MMDVM-kortet ( ZUM PiHat) monterat p\u00e5 ett Raspberry Pi 3.<\/del><\/p>\n<p><a href=\"https:\/\/www.sk2hg.se\/wp\/wp-content\/uploads\/2018\/04\/DSC_0457b.jpg\"><img loading=\"lazy\" decoding=\"async\" class=\"alignleft size-full wp-image-3612\" alt=\"DSC_0457b\" src=\"https:\/\/www.sk2hg.se\/wp\/wp-content\/uploads\/2018\/04\/DSC_0457b.jpg\" width=\"1131\" height=\"999\" srcset=\"https:\/\/www.sk2hg.se\/wp\/wp-content\/uploads\/2018\/04\/DSC_0457b.jpg 1131w, https:\/\/www.sk2hg.se\/wp\/wp-content\/uploads\/2018\/04\/DSC_0457b-300x264.jpg 300w, https:\/\/www.sk2hg.se\/wp\/wp-content\/uploads\/2018\/04\/DSC_0457b-624x551.jpg 624w\" sizes=\"auto, (max-width: 1131px) 100vw, 1131px\" \/><\/a><\/p>\n<p>&nbsp;<\/p>\n<p><span style=\"font-size: small;\"><img loading=\"lazy\" decoding=\"async\" style=\"font-size: 1rem; line-height: 1;\" alt=\"image\" src=\"https:\/\/www.remoterig.com\/picturepaster\/14e51080a0d24ffdabf2170498352410.jpg\" width=\"300\" height=\"389\" border=\"0\" \/><br \/>\n<\/span><br \/>\n<span style=\"font-size: small;\"> <em style=\"line-height: 1.714285714; font-size: 1rem;\"><span style=\"line-height: 1.714285714;\">Antennen sitter ca: 55 meter upp i masten. Foto: SM2OAN Micke<\/span><\/em><\/span><\/p>\n<p><a style=\"line-height: 1.71429; font-size: 1rem;\" href=\"https:\/\/www.sk2hg.se\/wp\/wp-content\/uploads\/2014\/01\/R3_seskaro_50m.jpeg\"><img loading=\"lazy\" decoding=\"async\" class=\"alignnone size-large wp-image-2236\" alt=\"R3_seskaro_50m\" src=\"http:\/\/www.sk2hg.se\/wp\/wp-content\/uploads\/2014\/01\/R3_seskaro_50m-1024x873.jpeg\" width=\"625\" height=\"532\" srcset=\"https:\/\/www.sk2hg.se\/wp\/wp-content\/uploads\/2014\/01\/R3_seskaro_50m-1024x873.jpeg 1024w, https:\/\/www.sk2hg.se\/wp\/wp-content\/uploads\/2014\/01\/R3_seskaro_50m-300x256.jpeg 300w, https:\/\/www.sk2hg.se\/wp\/wp-content\/uploads\/2014\/01\/R3_seskaro_50m-624x532.jpeg 624w, https:\/\/www.sk2hg.se\/wp\/wp-content\/uploads\/2014\/01\/R3_seskaro_50m.jpeg 1200w\" sizes=\"auto, (max-width: 625px) 100vw, 625px\" \/><\/a><\/p>\n<p><span style=\"font-size: small;\"> <em style=\"line-height: 1.714285714; font-size: 1rem;\"><span style=\"line-height: 1.714285714;\">T\u00e4ckningskarta Mot Mobilstation simulerad i Radio Mobile, klicka p\u00e5 kartan f\u00f6r st\u00f6rre bild.<\/span><\/em><\/span><\/p>\n<p><span style=\"font-size: small; line-height: 1.71429;\">Repeater ansvarig &#8230;&#8230;&#8230;&#8230;&#8230;. SM2OAN Micke<\/span><\/p>\n<p><span style=\"font-size: small;\"> Lokal kontakt \/ Driftansvarig &#8230;. -&#8221;-<\/span><\/p>\n","protected":false},"excerpt":{"rendered":"<p>Repeatern \u00e4r placerad p\u00e5 p\u00e5 Seskar\u00f6 men tanken \u00e4r att den ocks\u00e5 skall t\u00e4cka Haparandaomr\u00e5det. P\u00e5 grund av sitt l\u00e4ge ute i Bottenviken g\u00e5r den bra att k\u00f6ra fr\u00e5n b\u00e5t l\u00e4ngs hela kusten. Antennen sitter ca: 50m upp i masten \/ ca: 77m \u00f6ver havsniv\u00e5. Repeatern togs i drift sommaren 2007. 2018-04-01 uppdaterades repeatern f\u00f6r [&hellip;]<\/p>\n","protected":false},"author":2,"featured_media":0,"parent":36,"menu_order":0,"comment_status":"closed","ping_status":"closed","template":"","meta":{"footnotes":""},"class_list":["post-122","page","type-page","status-publish","hentry"],"_links":{"self":[{"href":"https:\/\/www.sk2hg.se\/wp\/index.php?rest_route=\/wp\/v2\/pages\/122","targetHints":{"allow":["GET"]}}],"collection":[{"href":"https:\/\/www.sk2hg.se\/wp\/index.php?rest_route=\/wp\/v2\/pages"}],"about":[{"href":"https:\/\/www.sk2hg.se\/wp\/index.php?rest_route=\/wp\/v2\/types\/page"}],"author":[{"embeddable":true,"href":"https:\/\/www.sk2hg.se\/wp\/index.php?rest_route=\/wp\/v2\/users\/2"}],"replies":[{"embeddable":true,"href":"https:\/\/www.sk2hg.se\/wp\/index.php?rest_route=%2Fwp%2Fv2%2Fcomments&post=122"}],"version-history":[{"count":29,"href":"https:\/\/www.sk2hg.se\/wp\/index.php?rest_route=\/wp\/v2\/pages\/122\/revisions"}],"predecessor-version":[{"id":6276,"href":"https:\/\/www.sk2hg.se\/wp\/index.php?rest_route=\/wp\/v2\/pages\/122\/revisions\/6276"}],"up":[{"embeddable":true,"href":"https:\/\/www.sk2hg.se\/wp\/index.php?rest_route=\/wp\/v2\/pages\/36"}],"wp:attachment":[{"href":"https:\/\/www.sk2hg.se\/wp\/index.php?rest_route=%2Fwp%2Fv2%2Fmedia&parent=122"}],"curies":[{"name":"wp","href":"https:\/\/api.w.org\/{rel}","templated":true}]}}