{"id":158,"date":"2014-01-30T19:55:16","date_gmt":"2014-01-30T18:55:16","guid":{"rendered":"http:\/\/www.remoterig.com\/sk2hg\/wp\/?page_id=158"},"modified":"2023-11-21T16:29:43","modified_gmt":"2023-11-21T15:29:43","slug":"amprnet2","status":"publish","type":"page","link":"https:\/\/www.sk2hg.se\/wp\/?page_id=158","title":{"rendered":"AMPRnet"},"content":{"rendered":"<p>AMPRnet \u00e4r amat\u00f6rradions eget Internet, f\u00f6r mer generell info se\u00a0<a href=\"https:\/\/www.se.ampr.org\/\">https:\/\/www.se.ampr.org\/<\/a><\/p>\n<p>AMPRnet \u00e4r givetvis ocks\u00e5 en del av stora Internet, men vi har mycket egen lokal infrastruktur, best\u00e5ende av fiber, radiol\u00e4nkar mm.<\/p>\n<p><a href=\"https:\/\/www.sk2hg.se\/wp\/wp-content\/uploads\/2014\/01\/AMPRnet-\u00d6N-map_v3.jpg\"><img loading=\"lazy\" decoding=\"async\" class=\"alignleft size-large wp-image-3034\" alt=\"AMPRnet-\u00d6N-map_v3\" src=\"https:\/\/www.sk2hg.se\/wp\/wp-content\/uploads\/2014\/01\/AMPRnet-\u00d6N-map_v3-782x1024.jpg\" width=\"625\" height=\"818\" srcset=\"https:\/\/www.sk2hg.se\/wp\/wp-content\/uploads\/2014\/01\/AMPRnet-\u00d6N-map_v3-782x1024.jpg 782w, https:\/\/www.sk2hg.se\/wp\/wp-content\/uploads\/2014\/01\/AMPRnet-\u00d6N-map_v3-229x300.jpg 229w, https:\/\/www.sk2hg.se\/wp\/wp-content\/uploads\/2014\/01\/AMPRnet-\u00d6N-map_v3-624x816.jpg 624w, https:\/\/www.sk2hg.se\/wp\/wp-content\/uploads\/2014\/01\/AMPRnet-\u00d6N-map_v3.jpg 1500w\" sizes=\"auto, (max-width: 625px) 100vw, 625px\" \/><\/a><\/p>\n<p><span style=\"font-size: small;\">\u00a0<\/span><\/p>\n<p>&nbsp;<\/p>\n<p>&nbsp;<\/p>\n<p>&nbsp;<\/p>\n<p>&nbsp;<\/p>\n<p>&nbsp;<\/p>\n<p>&nbsp;<\/p>\n<p><span style=\"font-size: small;\"><br \/>\nNedan \u00e4r dom n\u00e4rmaste f\u00f6rest\u00e5ende projekten listade, numreringen \u00e4r ingen prioritering utan dom kan ske parallellt.<\/span><\/p>\n<p>Proj 13 Koppla ihop Lule\u00e5 med Kalix via l\u00e4nk f\u00f6r redundans, Ny l\u00e4nkplats i R\u00e5ne\u00e5 etablerad med l\u00e4nk mot Sinksundet och Raggdynan <span style=\"color: #ff0000;\">Klart.<\/span><\/p>\n<p><span style=\"font-size: small;\">Proj 12 Ansluta Repeater R3 I \u00c4lvsbyn till AMPRnet och d\u00e4rmed till fast kopplad till \u00f6vriga repeatrar i L\u00e4net\u00a0<\/span><span style=\"color: #ff0000;\">P\u00e5g\u00e5r<\/span><\/p>\n<p><span style=\"font-size: small;\">Proj 11 Ansluta Repeater R0 i Pite\u00e5 till AMPRnet och d\u00e4rmed till fast kopplad till \u00f6vriga repeatrar i L\u00e4net\u00a0<span style=\"color: #ff0000;\">Klart<\/span><\/span><\/p>\n<p><span style=\"font-size: small;\">Proj 10 Ansluta Skellefte\u00e5 via fiber till Noden i Pite\u00e5 <span style=\"color: #ff0000;\">Klart D-star repeater och Klubblokal ansluten<\/span><\/span><\/p>\n<p><span style=\"font-size: small;\">Proj 9 Ansluta FRO Lule\u00e5 till AMPRnet, ny l\u00e4nk mot Orm\/Sinksundsberget.\u00a0<span style=\"color: #ff0000;\">Klart<\/span><\/span><\/p>\n<p><span style=\"font-size: small;\">Proj 8 Fixa AMPRnet nod i Pite\u00e5 och \u00c4lvsbyn\u00a0<span style=\"color: #ff0000;\">Klart<\/span><\/span><\/p>\n<p><span style=\"font-size: small;\">Proj 7 Ansluta repeatern R2 p\u00e5 Sinksundsberget till AMPRnet nod p\u00e5 LTU via ny l\u00e4nk.\u00a0<span style=\"color: #ff0000;\">Klart<\/span><\/span><\/p>\n<p><span style=\"font-size: small;\">Proj 6 F\u00f6rbindelse ordnas fr\u00e5n Haparanda VT till Seskar\u00f6, Ny l\u00e4nk mot Repatern uppr\u00e4ttas\u00a0(uppl\u00e4nkningen sker idag fr\u00e5n enskild radioamat\u00f6r med dynamisk IP).\u00a0<span style=\"color: #ff0000;\">Klart<\/span><\/span><\/p>\n<p><span style=\"font-size: small;\">Proj 5 Ny 5 GHz l\u00e4nk uppr\u00e4ttas fr\u00e5n SUNET nod till Kirunavaara, (uppl\u00e4nkningen sker idag fr\u00e5n enskild radioamat\u00f6r med dynamisk IP vilket kr\u00e5nglar mycket) Ny L\u00e4nk uppr\u00e4ttas fr\u00e5n Kirunavaara till Kiruna Radioklubb som idag \u00e4r utan fast internetuppkoppling.\u00a0<span style=\"color: #ff0000;\">Klart<\/span><\/span><\/p>\n<p><span style=\"font-size: small;\">Proj 4 Ansluta G\u00e4llivare Repeatern och G\u00e4llivare Radioklubb samt FRO ansluts.\u00a0<span style=\"color: #ff0000;\">Delvis genomf\u00f6rt.<\/span><\/span><\/p>\n<p><span style=\"font-size: small;\">Proj 3 Fixa routrar mellan SUNET, L\u00e4nsn\u00e4tet och det lokala n\u00e4ten i Kalix och Kiruna med redundant anslutning mot Internet b\u00e5de i Kalix och Kiruna.\u00a0<span style=\"color: #ff0000;\">Klart<\/span>.<\/span><\/p>\n<p><span style=\"font-size: small;\">Proj 2 Ansluta \u00d6verkalix Repeatern och Repeatersystemets centralutrustning.\u00a0<span style=\"color: #ff0000;\">Klart<\/span><\/span><\/p>\n<p><span style=\"font-size: small;\">Proj 1 Ordna interkommunala fiber f\u00f6rbindelser i L\u00e4nsn\u00e4tet mellan kommunerna ( r\u00f6da linjen).\u00a0<span style=\"color: #ff0000;\">Klart<\/span> ! Vi har nu ett VLAN genom l\u00e4nsn\u00e4tet med portar i resp .kommun.<\/span><\/p>\n<p><span style=\"font-size: small;\"><span style=\"line-height: 1.71429;\">Proj 0 Ansluta Repeatrarna i Kalix, samt Kalix Radioklubb och FRO till AMPRnet, <\/span><span style=\"color: #ff0000;\">KLART!<\/span><\/span><\/p>\n<p><span style=\"font-size: small;\">\u00a0<\/span><\/p>\n<p>&nbsp;<\/p>\n<p>&nbsp;<\/p>\n<p>&nbsp;<\/p>\n<p>&nbsp;<\/p>\n<p>&nbsp;<\/p>\n<p>&nbsp;<\/p>\n<p>&nbsp;<\/p>\n<p>&#8212;&#8212;&#8212;&#8212;-<\/p>\n<p>Vi har uteslutande anv\u00e4nt routrar fr\u00e5n Ubiquiti, Alla radiol\u00e4nkar \u00e4r ocks\u00e5 Ubiquiti. Vi har mycket god erfarenhet av Ubiquiti grejer och att ha enhetliga grejer underl\u00e4ttar ju mycket b\u00e5de vid drifts\u00e4ttning f\u00f6r driften i framtiden<\/p>\n<p>I Kalix och Kiruna huvudnoder, d\u00e4r vi beh\u00f6vt anslutning mot fiber och dessutom flera portar sitter det ER-Pro 8 med fiber interface<\/p>\n<p><a href=\"https:\/\/www.sk2hg.se\/wp\/wp-content\/uploads\/2014\/01\/er_pro81.jpg\"><img loading=\"lazy\" decoding=\"async\" class=\"alignnone size-full wp-image-1316\" alt=\"er_pro8\" src=\"https:\/\/www.sk2hg.se\/wp\/wp-content\/uploads\/2014\/01\/er_pro81.jpg\" width=\"699\" height=\"152\" srcset=\"https:\/\/www.sk2hg.se\/wp\/wp-content\/uploads\/2014\/01\/er_pro81.jpg 699w, https:\/\/www.sk2hg.se\/wp\/wp-content\/uploads\/2014\/01\/er_pro81-300x65.jpg 300w, https:\/\/www.sk2hg.se\/wp\/wp-content\/uploads\/2014\/01\/er_pro81-624x135.jpg 624w\" sizes=\"auto, (max-width: 699px) 100vw, 699px\" \/><\/a><\/p>\n<p>&nbsp;<\/p>\n<p>D\u00e4r vi beh\u00f6vt fler \u00e4n 3 portar eller velat mata PoE till l\u00e4nkarna sitter ER-Poe-5 routrar<\/p>\n<p><a href=\"https:\/\/www.sk2hg.se\/wp\/wp-content\/uploads\/2014\/01\/er-5-poe1.png\"><img loading=\"lazy\" decoding=\"async\" class=\"alignnone size-full wp-image-1318\" alt=\"er-5-poe\" src=\"https:\/\/www.sk2hg.se\/wp\/wp-content\/uploads\/2014\/01\/er-5-poe1.png\" width=\"560\" height=\"198\" srcset=\"https:\/\/www.sk2hg.se\/wp\/wp-content\/uploads\/2014\/01\/er-5-poe1.png 560w, https:\/\/www.sk2hg.se\/wp\/wp-content\/uploads\/2014\/01\/er-5-poe1-300x106.png 300w\" sizes=\"auto, (max-width: 560px) 100vw, 560px\" \/><\/a><\/p>\n<p>&nbsp;<\/p>\n<p>P\u00e5 de flesta st\u00e4llen sitter den enklaste ER-lite 3 portars<\/p>\n<p>&nbsp;<\/p>\n<p><a href=\"https:\/\/www.sk2hg.se\/wp\/wp-content\/uploads\/2014\/01\/ERLITE-31.jpg\"><img loading=\"lazy\" decoding=\"async\" class=\"alignnone size-full wp-image-1314\" alt=\"ERLITE-3\" src=\"https:\/\/www.sk2hg.se\/wp\/wp-content\/uploads\/2014\/01\/ERLITE-31.jpg\" width=\"503\" height=\"196\" srcset=\"https:\/\/www.sk2hg.se\/wp\/wp-content\/uploads\/2014\/01\/ERLITE-31.jpg 503w, https:\/\/www.sk2hg.se\/wp\/wp-content\/uploads\/2014\/01\/ERLITE-31-300x116.jpg 300w\" sizes=\"auto, (max-width: 503px) 100vw, 503px\" \/><\/a><\/p>\n","protected":false},"excerpt":{"rendered":"<p>AMPRnet \u00e4r amat\u00f6rradions eget Internet, f\u00f6r mer generell info se\u00a0https:\/\/www.se.ampr.org\/ AMPRnet \u00e4r givetvis ocks\u00e5 en del av stora Internet, men vi har mycket egen lokal infrastruktur, best\u00e5ende av fiber, radiol\u00e4nkar mm. \u00a0 &nbsp; &nbsp; &nbsp; &nbsp; &nbsp; &nbsp; Nedan \u00e4r dom n\u00e4rmaste f\u00f6rest\u00e5ende projekten listade, numreringen \u00e4r ingen prioritering utan dom kan ske parallellt. Proj [&hellip;]<\/p>\n","protected":false},"author":2,"featured_media":0,"parent":0,"menu_order":7,"comment_status":"closed","ping_status":"closed","template":"","meta":{"footnotes":""},"class_list":["post-158","page","type-page","status-publish","hentry"],"_links":{"self":[{"href":"https:\/\/www.sk2hg.se\/wp\/index.php?rest_route=\/wp\/v2\/pages\/158","targetHints":{"allow":["GET"]}}],"collection":[{"href":"https:\/\/www.sk2hg.se\/wp\/index.php?rest_route=\/wp\/v2\/pages"}],"about":[{"href":"https:\/\/www.sk2hg.se\/wp\/index.php?rest_route=\/wp\/v2\/types\/page"}],"author":[{"embeddable":true,"href":"https:\/\/www.sk2hg.se\/wp\/index.php?rest_route=\/wp\/v2\/users\/2"}],"replies":[{"embeddable":true,"href":"https:\/\/www.sk2hg.se\/wp\/index.php?rest_route=%2Fwp%2Fv2%2Fcomments&post=158"}],"version-history":[{"count":35,"href":"https:\/\/www.sk2hg.se\/wp\/index.php?rest_route=\/wp\/v2\/pages\/158\/revisions"}],"predecessor-version":[{"id":6018,"href":"https:\/\/www.sk2hg.se\/wp\/index.php?rest_route=\/wp\/v2\/pages\/158\/revisions\/6018"}],"wp:attachment":[{"href":"https:\/\/www.sk2hg.se\/wp\/index.php?rest_route=%2Fwp%2Fv2%2Fmedia&parent=158"}],"curies":[{"name":"wp","href":"https:\/\/api.w.org\/{rel}","templated":true}]}}