{"id":170,"date":"2014-01-30T19:59:19","date_gmt":"2014-01-30T18:59:19","guid":{"rendered":"http:\/\/www.remoterig.com\/sk2hg\/wp\/?page_id=170"},"modified":"2024-09-08T17:16:18","modified_gmt":"2024-09-08T15:16:18","slug":"medlemmarservice1","status":"publish","type":"page","link":"https:\/\/www.sk2hg.se\/wp\/?page_id=170","title":{"rendered":"Medlemmar\/Service"},"content":{"rendered":"<p><span style=\"font-size: small; line-height: 1.714285714;\">Aktuell lista:<\/span><\/p>\n<p><span style=\"font-size: small;\"><a href=\"http:\/\/www.sk2hg.se\/wp\/?page_id=86\">&#8211;&gt; MEDLEMS-LISTA<\/a><\/span><\/p>\n<p><span style=\"font-size: small;\"><strong>Vill du ocks\u00e5 bli medlem?<\/strong><\/span><br \/>\n<span style=\"font-size: small;\"> D\u00e5 ska du GENAST Kontakta n\u00e5gon i styrelsen.<\/span><br \/>\n<span style=\"font-size: small;\"> Avgiften betalar du enklast till v\u00e5rt Plusgiro: 43 23 30-9<\/span><br \/>\n<span style=\"font-size: small;\"> # \u00c5rsavgiften f\u00f6r \u2018Normalmedlem\u2019 \u00e4r 100:-\/Hel\u00e5r<\/span><br \/>\n<span style=\"font-size: small;\"> # Familjemedlem och ungdom under 18\u00e5r 50:-\/Hel\u00e5r<\/span><br \/>\n<span style=\"font-size: small;\"> # &#8216;St\u00e4ndig medlem&#8217; eng\u00e5ngskostnad 1200kr f.o.m. det \u00e5r man fyller 70\u00e5r.<\/span><\/p>\n<p><span style=\"font-size: small;\"><strong>F\u00f6ljande g\u00e4ller f\u00f6r medlemsskap enl. stadgar<\/strong><\/span><br \/>\n<span style=\"font-size: small;\"> # Som medlem i f\u00f6reningen kan antagas var och en som delar f\u00f6reningens v\u00e4rderingar och som har fyllt 12\u00e5r<\/span><br \/>\n<span style=\"font-size: small;\"> # Styrelsen beslutar om medlemsskap ska medges.<\/span><br \/>\n<span style=\"font-size: small;\"> # F\u00f6r ungdom under 18\u00e5r kr\u00e4vs medgivande av m\u00e5lsman.<\/span><br \/>\n<span style=\"font-size: small;\"> # Samtliga medlems avgifter avser FULLT medlemskap, vilken avgift man betalar ska inte anges i medlemslista som tidigare.<\/span><\/p>\n<p><span style=\"font-size: small;\"> Om det \u00e4r n\u00e5tt fel\u2026<\/span><br \/>\n<span style=\"font-size: small;\"> SM2EEC Sture, v\u00e5r kass\u00f6r, \u00e4r den som h\u00e5ller reda p\u00e5 vem som har betalat medlems avgiften och s\u00e5nt, kontakta Sture om n\u00e5got \u00e4r fel i listan\u2026<\/span><\/p>\n<p><span style=\"font-size: small;\"><strong>Service<\/strong><\/span><\/p>\n<p><span style=\"font-size: small;\"><strong>Utl\u00e5ning<\/strong><\/span><br \/>\n<span style=\"font-size: small;\"> Klubben har inf\u00f6rskaffat div. utrustning f\u00f6r utl\u00e5ning till medlemmar<\/span><br \/>\n<span style=\"font-size: small;\"> SWR \/ Analysator KURANISHI BR-210<\/span><br \/>\n<span style=\"font-size: small;\"> Div. utrustning f\u00f6r upps\u00e4ttning av tr\u00e5dantenner (Kastlod \/ Kastlina RA200) m.m.<\/span><br \/>\n<span style=\"font-size: small;\"> Antenn &#8216;Bazooka&#8217; f\u00f6r uppskjutning av tr\u00e5dantenner.<\/span><br \/>\n<span style=\"font-size: small;\"> 2st Portabelmaster (9 Meter) i Aluminium f\u00f6r aktiviteter \/ fieldday inkl. hisslinor markf\u00e4sten.<\/span><br \/>\n<span style=\"font-size: small;\"> 2st Switch n\u00e4taggregat 13,8V\/30A (L\u00e4ttvikt) f\u00f6r aktiviteter \/ fieldday (Inkommer h\u00f6sten 2009)<\/span><br \/>\n<span style=\"font-size: small;\"> Kl\u00e4ttersele inkl.falld\u00e4mpare med Hajkrokar, positioneringslina och hj\u00e4lm (SM2YER)<\/span><br \/>\n<span style=\"font-size: small;\"> S\u00e4kerhetssele inkl. falld\u00e4mpare med Hajkrokar, positioneringslina och hj\u00e4lm (SM2YER)<\/span><\/p>\n<p><span style=\"font-size: small;\"><strong>Boklista<\/strong><\/span><br \/>\n<span style=\"font-size: small;\"> Boklistan inneh\u00e5ller radio-rellaterade b\u00f6cker\/tidsskrifter som utl\u00e5nas \/ finns tillg\u00e4nglig hos medlemmarna. (Notera att detta inte \u00e4r klubbens b\u00f6cker\/tidskrifter och utl\u00e5nas direkt av resp. \u00e4gare p\u00e5 dennes villkor!) H\u00e4r ligger den uppdaterade &#8211;&gt;Boklistan<\/span><br \/>\n<span style=\"font-size: small;\"> SHACK HF\/VHF<\/span><br \/>\n<span style=\"font-size: small;\"> Shack SK2HG kan bokas \/ anv\u00e4ndas efter \u00f6verenskommelse med stations ansvarig: SM2EJE Sigvard. Schacket \u00e4r fullt utrustat f\u00f6r HF\/UKV (QRO)<\/span><\/p>\n<p><span style=\"font-size: small;\"><strong>Tidsskrifter<\/strong><\/span><br \/>\n<span style=\"font-size: small;\"> Tidsskrifter finns tillg\u00e4ngliga \u00b4f\u00f6r utl\u00e5ning i klubb-lokalen. (QTC \/ QST \/ QZ-Magazine samt n\u00e5gra \u00f6vriga)<\/span><\/p>\n<p><span style=\"font-size: small;\"><strong>\u00a0<\/strong><\/span><\/p>\n","protected":false},"excerpt":{"rendered":"<p>Aktuell lista: &#8211;&gt; MEDLEMS-LISTA Vill du ocks\u00e5 bli medlem? D\u00e5 ska du GENAST Kontakta n\u00e5gon i styrelsen. Avgiften betalar du enklast till v\u00e5rt Plusgiro: 43 23 30-9 # \u00c5rsavgiften f\u00f6r \u2018Normalmedlem\u2019 \u00e4r 100:-\/Hel\u00e5r # Familjemedlem och ungdom under 18\u00e5r 50:-\/Hel\u00e5r # &#8216;St\u00e4ndig medlem&#8217; eng\u00e5ngskostnad 1200kr f.o.m. det \u00e5r man fyller 70\u00e5r. F\u00f6ljande g\u00e4ller f\u00f6r medlemsskap [&hellip;]<\/p>\n","protected":false},"author":2,"featured_media":0,"parent":0,"menu_order":3,"comment_status":"closed","ping_status":"closed","template":"","meta":{"footnotes":""},"class_list":["post-170","page","type-page","status-publish","hentry"],"_links":{"self":[{"href":"https:\/\/www.sk2hg.se\/wp\/index.php?rest_route=\/wp\/v2\/pages\/170","targetHints":{"allow":["GET"]}}],"collection":[{"href":"https:\/\/www.sk2hg.se\/wp\/index.php?rest_route=\/wp\/v2\/pages"}],"about":[{"href":"https:\/\/www.sk2hg.se\/wp\/index.php?rest_route=\/wp\/v2\/types\/page"}],"author":[{"embeddable":true,"href":"https:\/\/www.sk2hg.se\/wp\/index.php?rest_route=\/wp\/v2\/users\/2"}],"replies":[{"embeddable":true,"href":"https:\/\/www.sk2hg.se\/wp\/index.php?rest_route=%2Fwp%2Fv2%2Fcomments&post=170"}],"version-history":[{"count":12,"href":"https:\/\/www.sk2hg.se\/wp\/index.php?rest_route=\/wp\/v2\/pages\/170\/revisions"}],"predecessor-version":[{"id":6300,"href":"https:\/\/www.sk2hg.se\/wp\/index.php?rest_route=\/wp\/v2\/pages\/170\/revisions\/6300"}],"wp:attachment":[{"href":"https:\/\/www.sk2hg.se\/wp\/index.php?rest_route=%2Fwp%2Fv2%2Fmedia&parent=170"}],"curies":[{"name":"wp","href":"https:\/\/api.w.org\/{rel}","templated":true}]}}