{"id":2142,"date":"2016-02-27T19:18:07","date_gmt":"2016-02-27T18:18:07","guid":{"rendered":"http:\/\/www.sk2hg.se\/wp\/?page_id=2142"},"modified":"2023-11-21T16:07:06","modified_gmt":"2023-11-21T15:07:06","slug":"r2-lulea","status":"publish","type":"page","link":"https:\/\/www.sk2hg.se\/wp\/?page_id=2142","title":{"rendered":"R2\/RV52 SK2DR\/R Lule\u00e5"},"content":{"rendered":"<p>R2:an i Lule\u00e5 \u00e4r nu uppdaterad med ny radio och logik. Repeatern \u00e4r fast kopplad via\u00a0<a href=\"https:\/\/www.sk2hg.se\/wp\/?page_id=158\">AMPRnet<\/a>\u00a0till\u00a0<a href=\"https:\/\/www.sk2hg.se\/wp\/?page_id=36\">Kalixlinjens<\/a>\u00a010- talet repeatrar.\u00a0 Nytt \u00e4r ocks\u00e5 R2an har CTCSS squelch (<a href=\"https:\/\/www.ssa.se\/wp-content\/uploads\/2015\/01\/Repeaternorm-V-2.1-med-toner1.pdf\">enligt IARU rekommendationer<\/a>).\u00a0S\u00e5 f\u00f6r att k\u00f6ra m\u00e5ste man programmera sin radio s\u00e5 att den s\u00e4nder 107.2 Hz CTCSS (subtone). Man skall INTE anv\u00e4nda n\u00e5gon 1750 Hz ton utan alla repeatrar i repeaterkedjan Kalixlinjen \u00f6ppnar automatiskt d\u00e5 repeatern startar. Vill man k\u00f6ra lokalt \u00f6ver bara R2an s\u00e5 h\u00e5ller man ned DTMF 2 innan man trycker p\u00e5 PTT. Repeatern s\u00e4nder CTCSS 107.2 Hz s\u00e5 vill man aktivera subtonesquelch i sin radio s\u00e5 kan man g\u00f6ra det, man slipper d\u00e5 st\u00f6rningar fr\u00e5n allt m\u00f6jligt fr\u00e4mst d\u00e5 man k\u00f6r i stan.\u00a0\u00a0Skall du r\u00f6ra p\u00e5 dig i distriktet s\u00e5 passa p\u00e5 att programmera 107.2 Hz s\u00e4ndning p\u00e5 alla repeaterkanaler eftersom CTCSS squelch \u00e4r inf\u00f6rt p\u00e5 samtliga repeatrar . R2:ans filter \u00e4r ocks\u00e5 utbytt mot ett \u00a0fyra burkars WACOM 641. I och med att det nya filtret togs i bruk s\u00e5 anv\u00e4nds bara den \u00f6vre antennen (tidigare RX-antennen p\u00e5 92m h\u00f6jd). Den nedre antennen, (tidigare TX-antenn) anv\u00e4nds f\u00f6r APRS, En Motorola McMicro och ett WX3in1Plus2.0 APRS modem anv\u00e4nds f\u00f6r APRS Internet gateway noden.<\/p>\n<p><a href=\"https:\/\/www.sk2hg.se\/wp\/wp-content\/uploads\/2016\/04\/IMG_0023.jpg\"><img loading=\"lazy\" decoding=\"async\" class=\"alignnone size-medium wp-image-2184\" alt=\"IMG_0023\" src=\"https:\/\/www.sk2hg.se\/wp\/wp-content\/uploads\/2016\/04\/IMG_0023-170x300.jpg\" width=\"170\" height=\"300\" srcset=\"https:\/\/www.sk2hg.se\/wp\/wp-content\/uploads\/2016\/04\/IMG_0023-170x300.jpg 170w, https:\/\/www.sk2hg.se\/wp\/wp-content\/uploads\/2016\/04\/IMG_0023-583x1024.jpg 583w\" sizes=\"auto, (max-width: 170px) 100vw, 170px\" \/><\/a><br \/>\nNy radio Motorola MTR-2000.<br \/>\nF\u00f6rmodligen den b\u00e4sta analoga repeaterradio som finns tillg\u00e4nglig p\u00e5 marknaden.<\/p>\n<p>R\u00e4ckvidd mot mobilstation simulerade I RadioMobile<\/p>\n<p><a href=\"https:\/\/www.sk2hg.se\/wp\/wp-content\/uploads\/2016\/02\/R2_sinksundet_70m.jpeg\"><img loading=\"lazy\" decoding=\"async\" class=\"alignnone size-large wp-image-2220\" alt=\"R2_sinksundet_70m\" src=\"https:\/\/www.sk2hg.se\/wp\/wp-content\/uploads\/2016\/02\/R2_sinksundet_70m-1024x873.jpeg\" width=\"625\" height=\"532\" srcset=\"https:\/\/www.sk2hg.se\/wp\/wp-content\/uploads\/2016\/02\/R2_sinksundet_70m-1024x873.jpeg 1024w, https:\/\/www.sk2hg.se\/wp\/wp-content\/uploads\/2016\/02\/R2_sinksundet_70m-300x256.jpeg 300w, https:\/\/www.sk2hg.se\/wp\/wp-content\/uploads\/2016\/02\/R2_sinksundet_70m-624x532.jpeg 624w, https:\/\/www.sk2hg.se\/wp\/wp-content\/uploads\/2016\/02\/R2_sinksundet_70m.jpeg 1200w\" sizes=\"auto, (max-width: 625px) 100vw, 625px\" \/><\/a><span style=\"font-size: 1rem;\">\u00a0<\/span><\/p>\n<p>Klicka p\u00e5 bilden f\u00f6r st\u00f6rre karta.<\/p>\n","protected":false},"excerpt":{"rendered":"<p>R2:an i Lule\u00e5 \u00e4r nu uppdaterad med ny radio och logik. Repeatern \u00e4r fast kopplad via\u00a0AMPRnet\u00a0till\u00a0Kalixlinjens\u00a010- talet repeatrar.\u00a0 Nytt \u00e4r ocks\u00e5 R2an har CTCSS squelch (enligt IARU rekommendationer).\u00a0S\u00e5 f\u00f6r att k\u00f6ra m\u00e5ste man programmera sin radio s\u00e5 att den s\u00e4nder 107.2 Hz CTCSS (subtone). Man skall INTE anv\u00e4nda n\u00e5gon 1750 Hz ton utan alla repeatrar [&hellip;]<\/p>\n","protected":false},"author":2,"featured_media":0,"parent":36,"menu_order":0,"comment_status":"closed","ping_status":"closed","template":"","meta":{"footnotes":""},"class_list":["post-2142","page","type-page","status-publish","hentry"],"_links":{"self":[{"href":"https:\/\/www.sk2hg.se\/wp\/index.php?rest_route=\/wp\/v2\/pages\/2142","targetHints":{"allow":["GET"]}}],"collection":[{"href":"https:\/\/www.sk2hg.se\/wp\/index.php?rest_route=\/wp\/v2\/pages"}],"about":[{"href":"https:\/\/www.sk2hg.se\/wp\/index.php?rest_route=\/wp\/v2\/types\/page"}],"author":[{"embeddable":true,"href":"https:\/\/www.sk2hg.se\/wp\/index.php?rest_route=\/wp\/v2\/users\/2"}],"replies":[{"embeddable":true,"href":"https:\/\/www.sk2hg.se\/wp\/index.php?rest_route=%2Fwp%2Fv2%2Fcomments&post=2142"}],"version-history":[{"count":18,"href":"https:\/\/www.sk2hg.se\/wp\/index.php?rest_route=\/wp\/v2\/pages\/2142\/revisions"}],"predecessor-version":[{"id":5978,"href":"https:\/\/www.sk2hg.se\/wp\/index.php?rest_route=\/wp\/v2\/pages\/2142\/revisions\/5978"}],"up":[{"embeddable":true,"href":"https:\/\/www.sk2hg.se\/wp\/index.php?rest_route=\/wp\/v2\/pages\/36"}],"wp:attachment":[{"href":"https:\/\/www.sk2hg.se\/wp\/index.php?rest_route=%2Fwp%2Fv2%2Fmedia&parent=2142"}],"curies":[{"name":"wp","href":"https:\/\/api.w.org\/{rel}","templated":true}]}}