{"id":2532,"date":"2017-01-03T22:32:16","date_gmt":"2017-01-03T21:32:16","guid":{"rendered":"http:\/\/www.sk2hg.se\/wp\/?page_id=2532"},"modified":"2025-09-20T17:09:59","modified_gmt":"2025-09-20T15:09:59","slug":"medlemmarservice","status":"publish","type":"page","link":"https:\/\/www.sk2hg.se\/wp\/?page_id=2532","title":{"rendered":"Medlemmar\/Service"},"content":{"rendered":"<p>Aktuell lista:<\/p>\n<p><a href=\"https:\/\/www.sk2hg.se\/wp\/?page_id=86\">&#8211;&gt; MEDLEMSLISTA<\/a><\/p>\n<p><strong>Vill du ocks\u00e5 bli medlem?<\/strong><br \/>\nD\u00e5 ska du GENAST Kontakta n\u00e5gon i styrelsen.<br \/>\nAvgiften betalar du enklast till v\u00e5rt Plusgiro: 43 23 30-9<br \/>\n# \u00c5rsavgiften f\u00f6r \u2018Normalmedlem\u2019 \u00e4r 100:-\/Hel\u00e5r<br \/>\n# Familjemedlem och ungdom under 18\u00e5r 50:-\/Hel\u00e5r<br \/>\n# &#8216;St\u00e4ndig medlem&#8217; eng\u00e5ngskostnad 1200kr f.o.m. det \u00e5r man fyller 70\u00e5r.<\/p>\n<p><strong>F\u00f6ljande g\u00e4ller f\u00f6r medlemsskap enl. stadgar<\/strong><br \/>\n# Som medlem i f\u00f6reningen kan antagas var och en som delar f\u00f6reningens v\u00e4rderingar och som har fyllt 12\u00e5r<br \/>\n# Styrelsen beslutar om medlemsskap ska medges.<br \/>\n# F\u00f6r ungdom under 18\u00e5r kr\u00e4vs medgivande av m\u00e5lsman.<br \/>\n# Samtliga medlems avgifter avser FULLT medlemskap, vilken avgift man betalar ska inte anges i medlemslista som tidigare.<\/p>\n<p>&nbsp;<\/p>\n<p>Om det \u00e4r n\u00e5tt fel\u2026<br \/>\nSM2OYP B\u00f6rje, v\u00e5r kass\u00f6r, \u00e4r den som h\u00e5ller reda p\u00e5 vem som har betalat medlems avgiften och s\u00e5nt, kontakta B\u00f6rje om n\u00e5got \u00e4r fel i listan\u2026<\/p>\n<p><strong>Service<\/strong><\/p>\n<p><strong>Utl\u00e5ning<\/strong><br \/>\nKlubben har inf\u00f6rskaffat div. utrustning f\u00f6r utl\u00e5ning till medlemmar<br \/>\nSWR \/ Analysator KURANISHI BR-210<br \/>\nDiv. utrustning f\u00f6r upps\u00e4ttning av tr\u00e5dantenner (Kastlod \/ Kastlina RA200) m.m.<br \/>\n2st Switch n\u00e4taggregat 13,8V\/30A (L\u00e4ttvikt) f\u00f6r aktiviteter \/ fieldday (Inkommer h\u00f6sten 2009)<br \/>\nKl\u00e4ttersele inkl.falld\u00e4mpare med Hajkrokar, positioneringslina och hj\u00e4lm (SM2YER)<br \/>\nS\u00e4kerhetssele inkl. falld\u00e4mpare med Hajkrokar, positioneringslina och hj\u00e4lm (SM2YER)<\/p>\n<p>&nbsp;<\/p>\n<p><strong>\u00a0<\/strong><\/p>\n","protected":false},"excerpt":{"rendered":"<p>Aktuell lista: &#8211;&gt; MEDLEMSLISTA Vill du ocks\u00e5 bli medlem? D\u00e5 ska du GENAST Kontakta n\u00e5gon i styrelsen. Avgiften betalar du enklast till v\u00e5rt Plusgiro: 43 23 30-9 # \u00c5rsavgiften f\u00f6r \u2018Normalmedlem\u2019 \u00e4r 100:-\/Hel\u00e5r # Familjemedlem och ungdom under 18\u00e5r 50:-\/Hel\u00e5r # &#8216;St\u00e4ndig medlem&#8217; eng\u00e5ngskostnad 1200kr f.o.m. det \u00e5r man fyller 70\u00e5r. F\u00f6ljande g\u00e4ller f\u00f6r medlemsskap [&hellip;]<\/p>\n","protected":false},"author":2,"featured_media":0,"parent":170,"menu_order":0,"comment_status":"closed","ping_status":"closed","template":"","meta":{"footnotes":""},"class_list":["post-2532","page","type-page","status-publish","hentry"],"_links":{"self":[{"href":"https:\/\/www.sk2hg.se\/wp\/index.php?rest_route=\/wp\/v2\/pages\/2532","targetHints":{"allow":["GET"]}}],"collection":[{"href":"https:\/\/www.sk2hg.se\/wp\/index.php?rest_route=\/wp\/v2\/pages"}],"about":[{"href":"https:\/\/www.sk2hg.se\/wp\/index.php?rest_route=\/wp\/v2\/types\/page"}],"author":[{"embeddable":true,"href":"https:\/\/www.sk2hg.se\/wp\/index.php?rest_route=\/wp\/v2\/users\/2"}],"replies":[{"embeddable":true,"href":"https:\/\/www.sk2hg.se\/wp\/index.php?rest_route=%2Fwp%2Fv2%2Fcomments&post=2532"}],"version-history":[{"count":7,"href":"https:\/\/www.sk2hg.se\/wp\/index.php?rest_route=\/wp\/v2\/pages\/2532\/revisions"}],"predecessor-version":[{"id":6552,"href":"https:\/\/www.sk2hg.se\/wp\/index.php?rest_route=\/wp\/v2\/pages\/2532\/revisions\/6552"}],"up":[{"embeddable":true,"href":"https:\/\/www.sk2hg.se\/wp\/index.php?rest_route=\/wp\/v2\/pages\/170"}],"wp:attachment":[{"href":"https:\/\/www.sk2hg.se\/wp\/index.php?rest_route=%2Fwp%2Fv2%2Fmedia&parent=2532"}],"curies":[{"name":"wp","href":"https:\/\/api.w.org\/{rel}","templated":true}]}}