{"id":2740,"date":"2017-07-01T09:46:53","date_gmt":"2017-07-01T07:46:53","guid":{"rendered":"http:\/\/www.sk2hg.se\/wp\/?page_id=2740"},"modified":"2023-11-21T16:27:47","modified_gmt":"2023-11-21T15:27:47","slug":"seskaro-fieldday-2017","status":"publish","type":"page","link":"https:\/\/www.sk2hg.se\/wp\/?page_id=2740","title":{"rendered":"Seskar\u00f6 Fieldday 2017"},"content":{"rendered":"<p>&nbsp;<\/p>\n<p><span style=\"font-size: medium;\"><strong>Kalix Radioklubb SK2HG inbjuder h\u00e4rmed radioamat\u00f6rer och intresserade till Seskar\u00f6 Field day Fredag 04 Aug t.o.m S\u00f6ndag 06 Aug 2017.<\/strong><\/span><\/p>\n<p><a href=\"https:\/\/www.sk2hg.se\/wp\/wp-content\/uploads\/2017\/06\/lagergarden.jpg\"><img loading=\"lazy\" decoding=\"async\" class=\"alignleft size-full wp-image-2726\" alt=\"lagergarden\" src=\"https:\/\/www.sk2hg.se\/wp\/wp-content\/uploads\/2017\/06\/lagergarden.jpg\" width=\"640\" height=\"322\" srcset=\"https:\/\/www.sk2hg.se\/wp\/wp-content\/uploads\/2017\/06\/lagergarden.jpg 640w, https:\/\/www.sk2hg.se\/wp\/wp-content\/uploads\/2017\/06\/lagergarden-300x150.jpg 300w, https:\/\/www.sk2hg.se\/wp\/wp-content\/uploads\/2017\/06\/lagergarden-624x313.jpg 624w\" sizes=\"auto, (max-width: 640px) 100vw, 640px\" \/><\/a><\/p>\n<p>F\u00f6r elfte \u00e5ret anordnar vi \u00e5ter \u2018Field-day\u2019 p\u00e5 det natursk\u00f6na Seskar\u00f6, d\u00e4r vi hyr Kyrkans l\u00e4gerg\u00e5rd med samlingslokaler stort k\u00f6k och matsal. Vi har tillg\u00e5ng till ett 60-tal s\u00e4ngplatser i olika form som t.ex. 7 st. 4-b\u00e4dds stugor, n\u00e5gra 2-b\u00e4dds rum samt mera logementlikt boende. S\u00e4ngplatserna f\u00f6rdelar vi s\u00e5 r\u00e4ttvist vi kan och eftersom en del kommer med husbil eller husvagn brukar boendet fungera bra. Vi umg\u00e5s, k\u00f6r radio ,lyssnar p\u00e5 f\u00f6redrag och \u00e4ter gott. P\u00e5 L\u00f6rdagskv\u00e4llen \u00e4ter vi en gemensam middag, I \u00f6vrigt finns hamburgare, kaffe och dryck att k\u00f6pa. Har ni n\u00e5tt ni vill s\u00e4lja s\u00e5 ta med det ocks\u00e5 till v\u00e5r bakluckeloppis som det ibland kallas.<br \/>\nVi disponerar anl\u00e4ggningen fr\u00e5n kl. 12.00 p\u00e5 fredagen till 12.00 p\u00e5 S\u00f6ndagen.<br \/>\nInlotsning sker p\u00e5 R5 och R3 samt 3725 kHz gl\u00f6m ej att programmera in subtones\u00e4ndning 107.2 Hz i din mobilrigg innan du \u00e5ker s\u00e5 du kan komma in p\u00e5 repeatrarna som nu alla har subtonesquelch.<\/p>\n<p><strong>F\u00f6redrag p\u00e5 l\u00f6rdag<\/strong><\/p>\n<p>WB4RFQ Daniel \u00a0kommer att h\u00e5lla ett f\u00f6rdrag om Inl\u00e4rning av CW p\u00e5 ett effektivt s\u00e4tt.<\/p>\n<p><strong>F\u00f6ranm\u00e4lan &amp; Bokning<\/strong><\/p>\n<p>F\u00f6ranm\u00e4lan &amp; Bokning av middag. boende eller parkering Husvagnar\/Husbilar (med m\u00f6jlighet till el) g\u00f6r ni senast Torsdag 27\/7 s\u00e5 att kockarna har tid till middagsf\u00f6rberedelserna (viss efteranm\u00e4lan fixar sig oftast ocks\u00e5)<\/p>\n<p>Bindande bokning g\u00e4ller f\u00f6r festmiddagen d\u00e5 vi betalar v\u00e5ra kockar f\u00f6r antalet f\u00f6rhands-bokade middagar.<\/p>\n<p><strong>Betalning:<br \/>\n<\/strong>Middag, boende och parkering kan f\u00f6rhandsbetalas till Kalix Radioklubbs Plusgiro\u00a043 23 30-9 eller utl\u00e4ndska g\u00e4ster till BIC: NDEASESS IBAN: SE8295000099602604323309\u00a0Kontant betalning p\u00e5 plats kan \u00e4ven accepteras efter personlig \u00f6verenskommelse med Yngve.<\/p>\n<p><strong>Boende:<br \/>\n<\/strong>Boende sker i 4-b\u00e4dds stugor, 2-b\u00e4dds rum samt i mera logementlikt boende.\u00a0Platserna\u00a0\u00a0f\u00f6rdelas av Yngve s\u00e5 r\u00e4ttvist som m\u00f6jligt. <strong>De som bor i stugor och rum ser till att t\u00f6mma papperskorgar, sopa av och v\u00e5ttorka golv innan man l\u00e4mnar boendet.<\/strong><\/p>\n<p><strong>Priser:<\/strong><br \/>\nBoende i rum eller stuga 100 SEK (11 EURO) per person och natt.<br \/>\nParkering Husbil \/ Husvagn helgen (med tillg\u00e5ng till El), 50 SEK (5 EURO)<br \/>\nL\u00f6rdagens festmiddag: 220 SEK (23 EURO)<\/p>\n<p><strong>Meny:<\/strong><br \/>\nVarmr\u00e4tt: Fl\u00e4skfile med ros\u00e9peppars\u00e5s och f\u00e4rsk potatis<br \/>\nSallad och nybakat br\u00f6d<br \/>\nDessert: Fransk chokladt\u00e5rta med Cognacgr\u00e4dde<\/p>\n<p>Vin eller stark\u00f6l ing\u00e5r ej i middagspriset men finns till f\u00f6rs\u00e4ljning vid middagen. Grillen kommer under dagarna att vara ig\u00e5ng i vanlig ordning s\u00e5 n\u00e4r g\u00e4sterna blir hungriga finns det alltid Hamburgare att stilla hungern med. Likas\u00e5 finns det \u00f6l, l\u00e4sk, kaffe och fika att k\u00f6pa. (kontant betalning).<\/p>\n<p><strong>F\u00f6ljande drygt 60 \u00a0har bokat:\u00a0<\/strong><br \/>\nOH6EOG+XYL+2, OH6FA, OH6FXY, OH6JE, OH6NT+XYL, OH6NUW+XYL+2, OH6PA, \u00a0LA3AOA, SA2APO+XYL+1, SA2AWO, SA2AXJ, SA2HMJ+XYL+1, SA2YLM, SE2T, SM2BJT+XYL, SM2CFZ+XYL, SM2DPS+XYL, SM2CEV, SM2ECL, SM2EDE, SM2HQG+XYL, SM2HMF, SM2HTI+XYL, SM2EKM, SM2GCQ, \u00a0SM2K+XYL, SM2LIY+XYL, SM2MZF, SM2NOG+XYL+1, SM2OAN+XYL, SM2PYN, SM2S, SM2YIP, \u00a0SM3EVR, SM3LIC, SM3LQI, SM7AUV+XYL+2, WB4RFQ<\/p>\n<p><strong>Sponsorer till lotteriet<\/strong>;\u00a0<a href=\"http:\/\/www.mobinet.se\/\">,<\/a>\u00a0<a href=\"http:\/\/www.dxsupply.com\">DX-Supply,<\/a>\u00a0<a href=\"http:\/\/www.remoterig.com\/\">Microbit<\/a>,\u00a0<a href=\"http:\/\/www.larsonsjarn.se\/\">Larssons J\u00e4rn \u00d6verkalix<\/a>, <a href=\"https:\/\/www.hitta.se\/allan+nybergs+byggservice+ab\/%C3%B6verkalix\/LT2wXGbbbk\">Allan Nyberg Bygg AB<\/a>, ICA \u00d6verkalix, OK\/Q8 \u00d6verkalix ,\u00a0<a href=\"http:\/\/www.dona.se\/\">Dona Data<\/a>, <a href=\"https:\/\/www.hitta.se\/%C3%B6verkalix+radio+och+tv\/%C3%B6verkalix\/zT2wXGbbbk\">\u00d6verkalix Radio&amp;TV<\/a>, Br\u00f6derna Mattsson-Hjerpe Skogsmaskiner, <a href=\"http:\/\/www.tistra.se\">TI&#8217;s Tr\u00e4 &amp; Bygg<\/a>, <a href=\"http:\/\/rhselektronik.se\/bilverkstad\/\">RHs Elektronik &amp; Bilverkstad<\/a>, SH-Reptj\u00e4nst \u00d6verkalix<\/p>\n<p><a href=\"http:\/\/www.sk2hg.se\/wp\/wp-content\/uploads\/2014\/05\/dx_supply.jpg\"><img loading=\"lazy\" decoding=\"async\" class=\"alignleft size-full wp-image-1252\" alt=\"dx_supply\" src=\"http:\/\/www.sk2hg.se\/wp\/wp-content\/uploads\/2014\/05\/dx_supply.jpg\" width=\"276\" height=\"74\" \/><\/a><a style=\"font-size: 1rem;\" href=\"http:\/\/www.remoterig.com\/wp\"><img loading=\"lazy\" decoding=\"async\" alt=\"microbit\" src=\"http:\/\/www.sk2hg.se\/wp\/wp-content\/uploads\/2014\/05\/microbit-300x71.jpg\" width=\"300\" height=\"71\" \/><\/a><span style=\"font-size: 1rem;\">\u00a0 \u00a0\u00a0<\/span><img loading=\"lazy\" decoding=\"async\" style=\"font-size: 1rem;\" alt=\"larssonsjarn\" src=\"http:\/\/www.sk2hg.se\/wp\/wp-content\/uploads\/2014\/05\/larssonsjarn.jpg\" width=\"156\" height=\"71\" \/><span style=\"font-size: 1rem;\">\u00a0<\/span><img loading=\"lazy\" decoding=\"async\" style=\"font-size: 1rem;\" alt=\"OKQ(\" src=\"http:\/\/www.sk2hg.se\/wp\/wp-content\/uploads\/2014\/05\/OKQ.jpg\" width=\"68\" height=\"71\" \/><a style=\"font-size: 1rem;\" href=\"http:\/\/www.sk2hg.se\/wp\/wp-content\/uploads\/2014\/05\/ica-okx.jpg\"><img loading=\"lazy\" decoding=\"async\" alt=\"ica-okx\" src=\"http:\/\/www.sk2hg.se\/wp\/wp-content\/uploads\/2014\/05\/ica-okx-1024x200.jpg\" width=\"379\" height=\"74\" \/><\/a><span style=\"font-size: 1rem;\">\u00a0 \u00a0<\/span><img loading=\"lazy\" decoding=\"async\" style=\"font-size: 1rem;\" alt=\"Br Mattsson logo_3\" src=\"http:\/\/www.sk2hg.se\/wp\/wp-content\/uploads\/2014\/05\/Br-Mattsson-logo_3.jpg\" width=\"150\" height=\"71\" \/><a style=\"font-size: 1rem;\" href=\"http:\/\/www.sk2hg.se\/wp\/wp-content\/uploads\/2014\/05\/aNybergs.jpg\"><img loading=\"lazy\" decoding=\"async\" alt=\"aNybergs\" src=\"http:\/\/www.sk2hg.se\/wp\/wp-content\/uploads\/2014\/05\/aNybergs.jpg\" width=\"210\" height=\"71\" \/><\/a><span style=\"font-size: 1rem;\">\u00a0<\/span><a style=\"font-size: 1rem;\" href=\"http:\/\/www.sk2hg.se\/wp\/wp-content\/uploads\/2014\/05\/DonaData1.jpg\"><img loading=\"lazy\" decoding=\"async\" alt=\"DonaData\" src=\"http:\/\/www.sk2hg.se\/wp\/wp-content\/uploads\/2014\/05\/DonaData1.jpg\" width=\"240\" height=\"71\" \/><\/a><a style=\"font-size: 1rem;\" href=\"http:\/\/www.sk2hg.se\/wp\/wp-content\/uploads\/2015\/06\/martinsons.png\"><img loading=\"lazy\" decoding=\"async\" alt=\"martinsons\" src=\"http:\/\/www.sk2hg.se\/wp\/wp-content\/uploads\/2015\/06\/martinsons.png\" width=\"89\" height=\"71\" \/><\/a><a style=\"font-size: 1rem;\" href=\"http:\/\/www.sk2hg.se\/wp\/wp-content\/uploads\/2017\/07\/TIS_tra_bygg.jpg\"><img loading=\"lazy\" decoding=\"async\" alt=\"TIS_tra_bygg\" src=\"http:\/\/www.sk2hg.se\/wp\/wp-content\/uploads\/2017\/07\/TIS_tra_bygg-300x142.jpg\" width=\"150\" height=\"71\" \/><\/a><a style=\"font-size: 1rem;\" href=\"http:\/\/www.sk2hg.se\/wp\/wp-content\/uploads\/2015\/06\/IMG_9150.jpg\"><img loading=\"lazy\" decoding=\"async\" alt=\"IMG_9150\" src=\"http:\/\/www.sk2hg.se\/wp\/wp-content\/uploads\/2015\/06\/IMG_9150-300x94.jpg\" width=\"226\" height=\"71\" \/><\/a><a style=\"font-size: 1rem;\" href=\"http:\/\/www.sk2hg.se\/wp\/wp-content\/uploads\/2014\/05\/OkxRadioTV.jpg\"><img loading=\"lazy\" decoding=\"async\" alt=\"OkxRadioTV\" src=\"http:\/\/www.sk2hg.se\/wp\/wp-content\/uploads\/2014\/05\/OkxRadioTV-300x86.jpg\" width=\"280\" height=\"71\" \/><\/a><a style=\"font-size: 1rem;\" href=\"http:\/\/www.sk2hg.se\/wp\/wp-content\/uploads\/2017\/07\/SH-reptjanst.jpg\"><img loading=\"lazy\" decoding=\"async\" alt=\"SH-reptjanst\" src=\"http:\/\/www.sk2hg.se\/wp\/wp-content\/uploads\/2017\/07\/SH-reptjanst-300x118.jpg\" width=\"200\" height=\"71\" \/><\/a><\/p>\n<p>&nbsp;<\/p>\n","protected":false},"excerpt":{"rendered":"<p>&nbsp; Kalix Radioklubb SK2HG inbjuder h\u00e4rmed radioamat\u00f6rer och intresserade till Seskar\u00f6 Field day Fredag 04 Aug t.o.m S\u00f6ndag 06 Aug 2017. F\u00f6r elfte \u00e5ret anordnar vi \u00e5ter \u2018Field-day\u2019 p\u00e5 det natursk\u00f6na Seskar\u00f6, d\u00e4r vi hyr Kyrkans l\u00e4gerg\u00e5rd med samlingslokaler stort k\u00f6k och matsal. Vi har tillg\u00e5ng till ett 60-tal s\u00e4ngplatser i olika form som t.ex. [&hellip;]<\/p>\n","protected":false},"author":2,"featured_media":0,"parent":170,"menu_order":0,"comment_status":"closed","ping_status":"closed","template":"","meta":{"footnotes":""},"class_list":["post-2740","page","type-page","status-publish","hentry"],"_links":{"self":[{"href":"https:\/\/www.sk2hg.se\/wp\/index.php?rest_route=\/wp\/v2\/pages\/2740","targetHints":{"allow":["GET"]}}],"collection":[{"href":"https:\/\/www.sk2hg.se\/wp\/index.php?rest_route=\/wp\/v2\/pages"}],"about":[{"href":"https:\/\/www.sk2hg.se\/wp\/index.php?rest_route=\/wp\/v2\/types\/page"}],"author":[{"embeddable":true,"href":"https:\/\/www.sk2hg.se\/wp\/index.php?rest_route=\/wp\/v2\/users\/2"}],"replies":[{"embeddable":true,"href":"https:\/\/www.sk2hg.se\/wp\/index.php?rest_route=%2Fwp%2Fv2%2Fcomments&post=2740"}],"version-history":[{"count":30,"href":"https:\/\/www.sk2hg.se\/wp\/index.php?rest_route=\/wp\/v2\/pages\/2740\/revisions"}],"predecessor-version":[{"id":6012,"href":"https:\/\/www.sk2hg.se\/wp\/index.php?rest_route=\/wp\/v2\/pages\/2740\/revisions\/6012"}],"up":[{"embeddable":true,"href":"https:\/\/www.sk2hg.se\/wp\/index.php?rest_route=\/wp\/v2\/pages\/170"}],"wp:attachment":[{"href":"https:\/\/www.sk2hg.se\/wp\/index.php?rest_route=%2Fwp%2Fv2%2Fmedia&parent=2740"}],"curies":[{"name":"wp","href":"https:\/\/api.w.org\/{rel}","templated":true}]}}