{"id":3234,"date":"2017-12-06T21:13:29","date_gmt":"2017-12-06T20:13:29","guid":{"rendered":"http:\/\/www.sk2hg.se\/wp\/?page_id=3234"},"modified":"2018-04-02T11:34:22","modified_gmt":"2018-04-02T09:34:22","slug":"kalixlinjen-voip-lankning","status":"publish","type":"page","link":"https:\/\/www.sk2hg.se\/wp\/?page_id=3234","title":{"rendered":"*KALIXLINJEN &#8211; VoIP L\u00e4nkning"},"content":{"rendered":"<p><strong>KALIXLINJEN &#8211; VoIP L\u00e4nkning<\/strong><\/p>\n<p>H\u00e4r uppe i \u00d6stra Norrbotten har vi ett repeatern\u00e4t med 6m\/2m\/70cm Repeatrar som \u00e4r ihopkopplade via Internet. Talet \u00f6verf\u00f6rs med VoIP (Voice over Internet Protocol)<\/p>\n<p>N\u00e4r systemet installerades 2007-2008 var det nog landets i s\u00e4rklass modernaste \u00a0repeatern\u00e4t &#8211;<\/p>\n<p><strong>F\u00f6rsta 6M repeatern i SM2 distriktet QRV<\/strong><br \/>\n2009.11.14 blev repeatern f\u00f6r 50MHz QRV. L\u00f6rdag 14\/11 gjordes monteringen uppe p\u00e5 Raggdynan, SM2EJE och SM2HQG k\u00f6rde upp kavitetsfilterna redan ig\u00e5r e.m. &#8211; Idag monterades en provisorisk antenn och ett st\u00e4ll f\u00f6r sj\u00e4lva repeatern. SM2OAN Micke kollade kaviteterna och allt kopplades ihop. Strax f\u00f6re kl. 12:00 s\u00e5 var repeatern ig\u00e5ng och ett f\u00f6rsta test QSO k\u00f6rdes via Kalixlinjen \u00f6ver Repeatern R3 p\u00e5 Seskar\u00f6 med SM2HEI.<\/p>\n<p>Data \/ Bilder \/ Information finna under l\u00e4nken &#8216;RF95 Kalix&#8217; h\u00e4r ovan&#8230;<\/p>\n<p><strong>Ny repeater i centrala Kalix<\/strong><br \/>\n2008.10.05 Repeater RU5(RU378) har nu flyttats till Rammelberget i centrala Kalix. Repeatern \u00e4r fr\u00e4mst t\u00e4nkt f\u00f6r mobil\/portabel trafik i centrala Kalix. Repeatern \u00e4r kopplad till \u00f6vriga repeatrar i Kalixlinjen.<\/p>\n<p><strong>Alla repeaterl\u00e4nkar nu &#8216;digitala&#8217;<\/strong><br \/>\nVid samma tillf\u00e4lle monterades en 5,2GHz punkt till punkt WLAN-L\u00e4nk,- den l\u00e4nkar ihop vattentornet och Raggdynan s\u00e5 att \u00e4ven repeatern d\u00e4r (R5) nu ansluts direkt till VoIP utan analogl\u00e4nkning, d\u00e4rmed \u00e4r nu hela &#8216;Kalixlinjen&#8217; ihop l\u00e4nkad digitalt via VoIP.<\/p>\n<p><strong>Systemskiss<\/strong><\/p>\n<p>Efter det att denna bild ritats s\u00e5 har \u00e4ven R2 Lule\u00e5\u00a0samt R0 Pite\u00e5 och R3 i \u00c4lvsbyn anslutits till systemet. Klicka p\u00e5 bilden f\u00f6r st\u00f6rre skiss!<\/p>\n<p><img loading=\"lazy\" decoding=\"async\" alt=\"image\" src=\"http:\/\/www.remoterig.com\/picturepaster\/ae128870c77e4b9ab7c2be1949cab5ed.jpg\" width=\"448\" height=\"643\" border=\"0\" \/><\/p>\n<p><strong>Repeatrarna<\/strong><\/p>\n<p>De flesta VHF repeatrar \u00e4r av fabrikatet Motorola MTR-2000, N\u00e5gra Ericsson F800 anv\u00e4nds ocks\u00e5. Alla repeatrar har kompletterats med nya styrkort och Processorkort f\u00f6r \u00e4ndam\u00e5let. Vidare anv\u00e4nds fabriksbyggda eller ombyggda duplexfilter av fabrikaten Katrein \/ Henry. Dessa har kapats \/ trimmats om fr\u00e5n 80MHz &#8211; L\u00e4s mera om respektive repeater under &#8216;Repeater DATA&#8217; l\u00e4nkarna \u00f6verst och nederst p\u00e5 denna sida.<\/p>\n<p><img loading=\"lazy\" decoding=\"async\" alt=\"image\" src=\"http:\/\/www.remoterig.com\/picturepaster\/b24521e2c23c4b41b9709be41f093017.jpg\" width=\"500\" height=\"375\" border=\"0\" \/><br \/>\n<em>Bild 2. Repeater RV60(R6) i \u00d6verkalix. Motorola MTR2000<\/em><br \/>\n<em>VoIP-Router \u2019IP-Tube-1293\u2019 \/ Katrein Duplex filter.<\/em><\/p>\n<p><strong>VoIP L\u00e4nkningen<\/strong><br \/>\nAll l\u00e4nkning mellan repeatrarna bygger p\u00e5 &#8216;VoIP&#8217; teknik. Vi anv\u00e4nder VoIP-Router \u2018IPTube-1293&#8242; fr\u00e5n Microbit. VoIP-Router enheterna omvandlar det analoga ljudet till en TCP\/IP baserad s.k. VoIP str\u00f6m.<\/p>\n<p><a href=\"http:\/\/www.sk2hg.se\/wp\/wp-content\/uploads\/2018\/03\/DSC_0592b.jpg\"><img loading=\"lazy\" decoding=\"async\" class=\"alignleft size-full wp-image-3550\" alt=\"DSC_0592b\" src=\"http:\/\/www.sk2hg.se\/wp\/wp-content\/uploads\/2018\/03\/DSC_0592b.jpg\" width=\"1280\" height=\"616\" srcset=\"https:\/\/www.sk2hg.se\/wp\/wp-content\/uploads\/2018\/03\/DSC_0592b.jpg 1280w, https:\/\/www.sk2hg.se\/wp\/wp-content\/uploads\/2018\/03\/DSC_0592b-300x144.jpg 300w, https:\/\/www.sk2hg.se\/wp\/wp-content\/uploads\/2018\/03\/DSC_0592b-624x300.jpg 624w\" sizes=\"auto, (max-width: 1280px) 100vw, 1280px\" \/><\/a><\/p>\n<p><em>Bild 3. VoIP mixer (Microbit Microswitch 1190), Echolink samt AMPRnet utrusning p\u00e5 Nystaden\u00a0 Kalix<\/em><\/p>\n<p>VoIP str\u00f6mmar fr\u00e5n respektive repeater g\u00e5r via\u00a0<a href=\"http:\/\/www.sk2hg.se\/wp\/?page_id=158\">AMPRnet<\/a>\u00a0till en VoIP Mixer d\u00e4r alla VoIP str\u00f6mmarna mixas samman och g\u00e5r tillbaka till respektive VoIP-Router \/ repeater. Teoretiskt kan 30 VoIP str\u00f6mmar mixas. VoIP mixern \u00e4r placerad i Kalix,\u00a0<del>h\u00e4r finns \u00e4ven en streaming server via den kan man lyssna p\u00e5 repeatern\u00e4tet direkt fr\u00e5n en vanlig PC\/klient (WinAMP)<\/del>\u00a0.<\/p>\n<p><del>Du kan l\u00e4sa mera om hur man lyssnar p\u00e5 repeatern\u00e4tet via sin PC-Dator &#8211;&gt;H\u00e4r!<\/del><\/p>\n<p><img decoding=\"async\" title=\"(L\u00e4s mer...)\" alt=\"\" src=\"http:\/\/www.sk2hg.se\/wp\/wp-includes\/js\/tinymce\/plugins\/wordpress\/img\/trans.gif\" \/><\/p>\n<p><strong>Normal anv\u00e4ndning<\/strong><br \/>\nRepeatrarna \u00e4r i utg\u00e5ngsl\u00e4get \u2018Permanent\u2019 kopplade till varandra. ALLA repeatrarna och l\u00e4nkar g\u00e5r upp samtidigt n\u00e4r man s\u00e4nder med en radio med 107.2 Hz subtone in p\u00e5 n\u00e5gon av repeatrarna.<\/p>\n<p>Observera att 1750Hz ton inte anv\u00e4nds l\u00e4ngre.<\/p>\n<p><strong>Frikoppla respektive repeater<\/strong><\/p>\n<p>Om man vill k\u00f6ra utan l\u00e4nkning mellan repeatrarna s\u00e5 trycker man in en DTMF siffra samtidigt som PTT.<\/p>\n<p>DTMF 0 &#8211; \u00d6ppna bara R0 Pite\u00e5<br \/>\nDTMF 2 &#8211; \u00d6ppna bara R2 G\u00e4llivare eller R2 Lule\u00e5<br \/>\nDTMF 3 &#8211; \u00d6ppna bara R3 Seskar\u00f6<br \/>\nDTMF 5 &#8211; \u00d6ppna bara R5 Kalix<br \/>\nDTMF 6 &#8211; \u00d6ppna bara R6 \u00d6verkalix<br \/>\nDTMF 7 &#8211; \u00d6ppna bara RU5 Kalix<\/p>\n<p>Detta g\u00e4ller naturligtvis inom\/fr\u00e5n respektive repeater t\u00e4ckningsomr\u00e5de. Om man vill k\u00f6ra en repeater separat s\u00e5 frikopplas respektive repeater med DTMF ton. Vill man koppla upp l\u00e4nken mellan n\u00e4r man \u00f6ppnat med DTMF-Siffra s\u00e5 kan man g\u00f6ra detta med DTMF *. I det festa fall indikeras frikopplad repeater med en &#8221;dubbel bipp&#8221; d\u00e5 man sl\u00e4pper PTT.<\/p>\n<p>\u2019<strong>Fr\u00e5n kust till fj\u00e4ll\u2019<\/strong><br \/>\nRepeater n\u00e4tet t\u00e4cker i stort sett hela \u00f6stra norrbotten, fr\u00e5n Pite\u00e5 i s\u00f6der, \u00c4lvsbyn i v\u00e4ster, Lule\u00e5, Kalix, Haparanda i \u00f6ster, \u00d6verkalix, \u00d6vertorne\u00e5 och G\u00e4llivare, samt delar av Pajala och Kiruna kommun i Norr.<\/p>\n<p>T\u00e4ckningskarta f\u00f6r respektive repeater finns under &#8216;Repeater DATA&#8217; l\u00e4nkarna \u00f6verst och nederst p\u00e5 denna sida.<\/p>\n<p><del>Lyssna &#8216;ONLINE&#8217;<\/del><\/p>\n<p><del>V\u00e5ran streaming server st\u00e5r nu uppe i \u00d6verkalix. Den k\u00f6r p\u00e5 Mandrake Linux OS och \u2018IceCast 2&#8242; med formatet .ogg &#8211; H\u00e5rdvaran \u00e4r sk\u00e4nkt av MICROBIT. &#8211; Du lyssna p\u00e5 v\u00e5ra repeatrar med WinAmp \u2018Online\u2019 direkt i datorn!<\/del><\/p>\n<p><del>Instruktion hur du g\u00f6r f\u00f6r att lyssna finns h\u00e4r: http:\/\/www.sk2hg.se\/sk2hg\/icecast\/index.html<\/del><\/p>\n<p>&nbsp;<\/p>\n","protected":false},"excerpt":{"rendered":"<p>KALIXLINJEN &#8211; VoIP L\u00e4nkning H\u00e4r uppe i \u00d6stra Norrbotten har vi ett repeatern\u00e4t med 6m\/2m\/70cm Repeatrar som \u00e4r ihopkopplade via Internet. Talet \u00f6verf\u00f6rs med VoIP (Voice over Internet Protocol) N\u00e4r systemet installerades 2007-2008 var det nog landets i s\u00e4rklass modernaste \u00a0repeatern\u00e4t &#8211; F\u00f6rsta 6M repeatern i SM2 distriktet QRV 2009.11.14 blev repeatern f\u00f6r 50MHz QRV. [&hellip;]<\/p>\n","protected":false},"author":2,"featured_media":0,"parent":36,"menu_order":0,"comment_status":"closed","ping_status":"closed","template":"","meta":{"footnotes":""},"class_list":["post-3234","page","type-page","status-publish","hentry"],"_links":{"self":[{"href":"https:\/\/www.sk2hg.se\/wp\/index.php?rest_route=\/wp\/v2\/pages\/3234","targetHints":{"allow":["GET"]}}],"collection":[{"href":"https:\/\/www.sk2hg.se\/wp\/index.php?rest_route=\/wp\/v2\/pages"}],"about":[{"href":"https:\/\/www.sk2hg.se\/wp\/index.php?rest_route=\/wp\/v2\/types\/page"}],"author":[{"embeddable":true,"href":"https:\/\/www.sk2hg.se\/wp\/index.php?rest_route=\/wp\/v2\/users\/2"}],"replies":[{"embeddable":true,"href":"https:\/\/www.sk2hg.se\/wp\/index.php?rest_route=%2Fwp%2Fv2%2Fcomments&post=3234"}],"version-history":[{"count":4,"href":"https:\/\/www.sk2hg.se\/wp\/index.php?rest_route=\/wp\/v2\/pages\/3234\/revisions"}],"predecessor-version":[{"id":3606,"href":"https:\/\/www.sk2hg.se\/wp\/index.php?rest_route=\/wp\/v2\/pages\/3234\/revisions\/3606"}],"up":[{"embeddable":true,"href":"https:\/\/www.sk2hg.se\/wp\/index.php?rest_route=\/wp\/v2\/pages\/36"}],"wp:attachment":[{"href":"https:\/\/www.sk2hg.se\/wp\/index.php?rest_route=%2Fwp%2Fv2%2Fmedia&parent=3234"}],"curies":[{"name":"wp","href":"https:\/\/api.w.org\/{rel}","templated":true}]}}