{"id":3986,"date":"2019-01-17T15:41:28","date_gmt":"2019-01-17T14:41:28","guid":{"rendered":"http:\/\/www.sk2hg.se\/wp\/?page_id=3986"},"modified":"2026-01-18T20:18:18","modified_gmt":"2026-01-18T19:18:18","slug":"dxcc-main","status":"publish","type":"page","link":"https:\/\/www.sk2hg.se\/wp\/?page_id=3986","title":{"rendered":"&#8211; DXCC Main"},"content":{"rendered":"<p><span style=\"color: #ff0000;\">\u00a0<\/span><\/p>\n<table border=\"0\">\n<tbody>\n<tr>\n<td><span style=\"font-size: medium;\">Svenska DXCC resultat automatisk genererade<\/span><\/td>\n<td><span style=\"font-size: medium;\">Direktl\u00e4nk\u00a0<a href=\"https:\/\/dxcc.sk2hg.se\">https:\/\/dxcc.sk2hg.se<\/a><\/span><\/td>\n<\/tr>\n<tr>\n<td>\u00a0<iframe loading=\"lazy\" style=\"font-size: 1rem;\" src=\"https:\/\/www.sk2hg.se\/dxcc\/DXCC-date.php\" height=\"40\" width=\"200\"><\/iframe><br \/>\n<span style=\"font-size: medium;\"><a href=\"https:\/\/www.sk2hg.se\/wp\/?page_id=4788\">Info om DXCC och ans\u00f6kningsf\u00f6rfarande av Sten\/SM3NXS =&gt;<\/a>\u00a0<\/span><\/td>\n<td><a style=\"font-size: 1rem;\" href=\"https:\/\/www.sk2hg.se\/wp\/?page_id=4196\"><img loading=\"lazy\" decoding=\"async\" class=\"size-full wp-image-4212\" alt=\"iotalogo\" src=\"https:\/\/www.sk2hg.se\/wp\/wp-content\/uploads\/2019\/01\/iotalogo.png\" width=\"92\" height=\"61\" \/><\/a><span style=\"font-size: 1rem;\">\u00a0\u00a0<\/span><a style=\"font-size: 1rem;\" href=\"https:\/\/www.sk2hg.se\/wp\/?page_id=4196\">Svenska IOTA resultat<\/a><\/td>\n<\/tr>\n<\/tbody>\n<\/table>\n<p>&nbsp;<\/p>\n<p>F\u00f6r\u00e4ndringarna som skett under senaste m\u00e5naden visas med r\u00f6tt och \u00e4ndringar som skett det senaste \u00e5ret visas i bl\u00e5tt. Anropssignalerna \u00e4r klickbara l\u00e4nkar till resp. QRZ.com sida.<\/p>\n<p><button><a href=\"https:\/\/www.sk2hg.se\/wp\/?page_id=3888\">Mixed, Phone, CW, Digital, Challenge<\/a><\/button> <button><a href=\"https:\/\/www.sk2hg.se\/wp\/?page_id=3930\">160m-20m<\/a><\/button> <button><a href=\"https:\/\/www.sk2hg.se\/wp\/?page_id=3934\">17m-6m<\/a><\/button> <button><a href=\"https:\/\/www.sk2hg.se\/wp\/?page_id=3944\">2m, 70cm, SAT<\/a><\/button> <button><a href=\"https:\/\/www.sk2hg.se\/wp\/?page_id=4068\">Honor Roll<\/a><\/button><button><a href=\"https:\/\/www.sk2hg.se\/wp\/?page_id=6058\">DXCC by CS<\/a><\/button><button><a href=\"https:\/\/www.sk2hg.se\/wp\/?page_id=5202\">Latest Updates<\/a><\/button><button><a  href=\"https:\/\/www.sk2hg.se\/wp\/?page_id=5006\">SK List<\/a><\/button><button><a href=\"https:\/\/www.sk2hg.se\/wp\/?page_id=4196\">IOTA<\/a><\/button><\/p>\n<table border=\"0\">\n<tbody>\n<tr>\n<td><strong>Mixed<\/strong><\/td>\n<td><strong>Phone<\/strong><\/td>\n<td><strong>CW<\/strong><\/td>\n<td><strong>Digital<\/strong><\/td>\n<td><strong>Challenge<\/strong><\/td>\n<\/tr>\n<tr>\n<td><iframe loading=\"lazy\" style=\"font-size: 1rem;\" src=\"https:\/\/www.sk2hg.se\/dxcc\/DXCC-MIXED.php\" height=\"9000\" width=\"220\"><\/iframe><\/td>\n<td><iframe loading=\"lazy\" style=\"font-size: 1rem;\" src=\"https:\/\/www.sk2hg.se\/dxcc\/DXCC-PHONE.php\" height=\"9000\" width=\"190\"><\/iframe><\/td>\n<td><iframe loading=\"lazy\" style=\"font-size: 1rem;\" src=\"https:\/\/www.sk2hg.se\/dxcc\/DXCC-CW.php\" height=\"9000\" width=\"190\"><\/iframe><\/td>\n<td><iframe loading=\"lazy\" style=\"font-size: 1rem;\" src=\"https:\/\/www.sk2hg.se\/dxcc\/DXCC-RTTY.php\" height=\"9000\" width=\"190\"><\/iframe><\/td>\n<td><iframe loading=\"lazy\" style=\"font-size: 1rem;\" src=\"https:\/\/www.sk2hg.se\/dxcc\/DXCC-CHAL.php\" height=\"9000\" width=\"220\"><\/iframe><\/td>\n<\/tr>\n<\/tbody>\n<\/table>\n<p><!-- Global site tag (gtag.js) - Google Analytics --><script type=\"text\/javascript\" src=\"https:\/\/www.googletagmanager.com\/gtag\/js?id=UA-135051577-1\" async=\"\"><\/script><script type=\"text\/javascript\">\/\/ <![CDATA[\nwindow.dataLayer = window.dataLayer || [];   function gtag(){dataLayer.push(arguments);}   gtag('js', new Date());   gtag('config', 'UA-135051577-1');\n\/\/ ]]><\/script><\/p>\n","protected":false},"excerpt":{"rendered":"<p>\u00a0 Svenska DXCC resultat automatisk genererade Direktl\u00e4nk\u00a0https:\/\/dxcc.sk2hg.se \u00a0 Info om DXCC och ans\u00f6kningsf\u00f6rfarande av Sten\/SM3NXS =&gt;\u00a0 \u00a0\u00a0Svenska IOTA resultat &nbsp; F\u00f6r\u00e4ndringarna som skett under senaste m\u00e5naden visas med r\u00f6tt och \u00e4ndringar som skett det senaste \u00e5ret visas i bl\u00e5tt. Anropssignalerna \u00e4r klickbara l\u00e4nkar till resp. QRZ.com sida. Mixed, Phone, CW, Digital, Challenge 160m-20m 17m-6m 2m, [&hellip;]<\/p>\n","protected":false},"author":2,"featured_media":0,"parent":3888,"menu_order":0,"comment_status":"closed","ping_status":"closed","template":"page-templates\/full-width.php","meta":{"footnotes":""},"class_list":["post-3986","page","type-page","status-publish","hentry"],"_links":{"self":[{"href":"https:\/\/www.sk2hg.se\/wp\/index.php?rest_route=\/wp\/v2\/pages\/3986","targetHints":{"allow":["GET"]}}],"collection":[{"href":"https:\/\/www.sk2hg.se\/wp\/index.php?rest_route=\/wp\/v2\/pages"}],"about":[{"href":"https:\/\/www.sk2hg.se\/wp\/index.php?rest_route=\/wp\/v2\/types\/page"}],"author":[{"embeddable":true,"href":"https:\/\/www.sk2hg.se\/wp\/index.php?rest_route=\/wp\/v2\/users\/2"}],"replies":[{"embeddable":true,"href":"https:\/\/www.sk2hg.se\/wp\/index.php?rest_route=%2Fwp%2Fv2%2Fcomments&post=3986"}],"version-history":[{"count":57,"href":"https:\/\/www.sk2hg.se\/wp\/index.php?rest_route=\/wp\/v2\/pages\/3986\/revisions"}],"predecessor-version":[{"id":6637,"href":"https:\/\/www.sk2hg.se\/wp\/index.php?rest_route=\/wp\/v2\/pages\/3986\/revisions\/6637"}],"up":[{"embeddable":true,"href":"https:\/\/www.sk2hg.se\/wp\/index.php?rest_route=\/wp\/v2\/pages\/3888"}],"wp:attachment":[{"href":"https:\/\/www.sk2hg.se\/wp\/index.php?rest_route=%2Fwp%2Fv2%2Fmedia&parent=3986"}],"curies":[{"name":"wp","href":"https:\/\/api.w.org\/{rel}","templated":true}]}}