{"id":4788,"date":"2020-02-14T15:08:45","date_gmt":"2020-02-14T14:08:45","guid":{"rendered":"http:\/\/www.sk2hg.se\/wp\/?page_id=4788"},"modified":"2025-01-21T15:13:13","modified_gmt":"2025-01-21T14:13:13","slug":"4788-2","status":"publish","type":"page","link":"https:\/\/www.sk2hg.se\/wp\/?page_id=4788","title":{"rendered":"Vad \u00e4r DXCC?"},"content":{"rendered":"<p style=\"text-align: left;\"><span style=\"text-align: left; font-size: 1rem;\">DXCC st\u00e5r f\u00f6r DX Century Club och \u00e4r ett diplom man kan ans\u00f6ka om n\u00e4r man har verifierat 2-v\u00e4gs kontakter med minst 100 l\u00e4nder, eller entities som det egentligen heter. Amat\u00f6rradiol\u00e4nderna kan ibland skilja sig lite \u00e5t fr\u00e5n de \u201driktiga\u201d l\u00e4nderna. Man kan ans\u00f6ka om separata diplom f\u00f6r alla amat\u00f6rradioband samt CW, Phone, Digital och Mixed. <strong>Challenge diplomet<\/strong> \u00e4r dina verifierade QSO\u00b4n p\u00e5 banden 6-160m totala antal l\u00e4nder sammanslagna. OBS att endast \u201dcurrent\u201d l\u00e4nder r\u00e4knas f\u00f6r detta diplom.<\/span><\/p>\n<p>QSO\u00b4n f\u00f6r DXCC diplomet g\u00e4ller fr\u00e5n 1945-11-15, dock m\u00e5ste QSO\u00b4t vara fr\u00e5n 1975-01-01 eller senare f\u00f6r att g\u00e4lla f\u00f6r enbart CW diplomet.<\/p>\n<p>G\u00e4llande l\u00e4nder\/entities kommer och g\u00e5r, men i dag finns det 340 stycken l\u00e4nder p\u00e5 \u201dcurrent list.\u201d P\u00e5 den totala listan r\u00e4knar man \u00e4ven med de strukna l\u00e4nderna \u201ddeleted entities\u201d ex. Tjeckoslovakien och \u00d6sttyskland. 62 stycken l\u00e4nder har genom \u00e5ren blivit strukna, allts\u00e5 totalt 402 l\u00e4nder.<\/p>\n<p>Till hj\u00e4lp med dessa ans\u00f6kningar finns en checkpoint.<\/p>\n<p><strong>Vad \u00e4r en Checkpoint ?<\/strong><\/p>\n<p>Checkpointen \u00e4r av ARRL utsedd att vara dess f\u00f6rl\u00e4ngda arm g\u00e4llande granskning av QSL kort och ans\u00f6kningar av DXCC samt WAS (Worked All States)<\/p>\n<p>Checkpointen godk\u00e4nner inte QSL korten, d\u00e4remot kontrolleras att uppgifterna st\u00e4mmer \u00f6verens p\u00e5 QSL kortet och ans\u00f6kan. St\u00e4mmer inte detta \u00f6verens \u00e4ndrar checkpointen p\u00e5 ans\u00f6kan s\u00e5 det matchar QSL-kortet, eller stryker QSO\u00b4t. Dessa ev. \u00e4ndringar g\u00f6rs manuellt med penna p\u00e5 den ans\u00f6kan som skickas till ARRL via checkpointen.<\/p>\n<p>Har checkpointen dubier om \u00e4ktheten p\u00e5 QSO:t eller om QSL kortet ser konstigt ut, verkar vara \u00e4ndrat p\u00e5, noteras detta p\u00e5 ans\u00f6kan och ARRL kommer troligen att vilja granska QSL kortet p\u00e5 ARRL-HQ.<\/p>\n<p><strong>Vem \u00e4r checkpoint i Sverige?<\/strong><\/p>\n<p>SM3NXS, Sten<\/p>\n<p>Adress och mail till honom finns p\u00e5 SSA:s hemsida och QRZ.COM<\/p>\n<p><strong>Hur ans\u00f6ker man?<\/strong><\/p>\n<p>Det finns 3 s\u00e4tt att ans\u00f6ka.<\/p>\n<p><strong>LoTW<\/strong><\/p>\n<p><a href=\"https:\/\/lotw.arrl.org\/lotwuser\/default\">https:\/\/lotw.arrl.org\/lotwuser\/default<\/a><\/p>\n<p>Med LoTW (Logbook of The World) ans\u00f6ker man helt utan att ha pappers-QSL, det \u00e4r \u00e4ven det billigaste och snabbaste s\u00e4ttet. Du betalar online med kort. Ingen checkpoint beh\u00f6ver anlitas d\u00e5 din inskickade log matchas mot DX stationens i ARRL\u00b4s databas.<\/p>\n<p><strong><span style=\"font-size: 1rem;\">Online DXCC application<\/span><\/strong><\/p>\n<p><a href=\"https:\/\/easydxcc.arrl.org\/\">https:\/\/easydxcc.arrl.org\/<\/a><\/p>\n<p><span style=\"font-size: 1rem;\">H\u00e4r fyller man sj\u00e4lv i alla QSO data online, skriver ut och undertecknar de f\u00e4rdiga ans\u00f6kningspapperet tillsammans med listan med QSO\u00b4n och skickar detta tillsammans med QSL-korten till checkpointen. Du betalar online med kort<\/span><\/p>\n<p><strong><span style=\"font-size: 1rem;\">Gammaldags pappersans\u00f6kan<\/span><\/strong><\/p>\n<p><a href=\"http:\/\/www.arrl.org\/files\/file\/DXCC\/DXCC%20Record%20Sheet%202013a.pdf\">http:\/\/www.arrl.org\/files\/file\/DXCC\/DXCC%20Record%20Sheet%202013a.pdf<\/a><\/p>\n<p><a href=\"http:\/\/www.arrl.org\/files\/file\/DXCC\/DXCC%20Application%202019(2).pdf\">http:\/\/www.arrl.org\/files\/file\/DXCC\/DXCC%20Application%202019(2).pdf<\/a><\/p>\n<p><span style=\"font-size: 1rem;\">Detta \u00e4r det dyraste och kr\u00e5ngligaste s\u00e4ttet. H\u00e4r fyller du i allt sj\u00e4lv f\u00f6r hand (eller med dator) p\u00e5 papper, personalen hos ARRL f\u00e5r sedan sitta och knappa in dessa QSO\u00b4n i databasen f\u00f6r just dina ans\u00f6kningar.\u00a0 De QSO du fyller i ska sorteras efter band, sedan trafiks\u00e4tt inom bandet. QSL med flera QSO\u00b4n l\u00e4ggs sist i listan. OBS du ska INTE sortera efter call eller landsordning.\u00a0 Detta skickas sedan till checkpoint tillsammans med QSL korten f\u00f6r granskning.<\/span><\/p>\n<p>Du betalar genom att uppge ditt kortnummer p\u00e5 ans\u00f6kan. <strong>OBS !<\/strong> Checkpointen kan inte ta emot eller f\u00f6rmedla betalning till ARRL.<\/p>\n<p><strong><span style=\"font-size: 1rem;\">Vad beh\u00f6ver checkpointen ha av dig?<\/span><\/strong><\/p>\n<p>\u2022Underskriven ans\u00f6kan med QSL lista samt QSL-korten<\/p>\n<p>\u2022Handskrivna listor ska vara prydligt skrivna, QSO med os\u00e4ker tolkning kommer att strykas<\/p>\n<p>\u2022QSL korten sorterade i den ordning dom \u00e4r listade<\/p>\n<p>\u2022Brevporto och ett kuvert f\u00f6r att efter granskning skicka ans\u00f6kan till ARRL, USA<\/p>\n<p>\u2022Returporto som t\u00e4cker kostnad f\u00f6r porto och emballage ex. vadderat kuvert eller kartong samt information om hur och vart du vill ha dina QSL kort skickade i retur<\/p>\n<p><strong><span style=\"font-size: 1rem;\">Vad kostar det att ans\u00f6ka?<\/span><\/strong><\/p>\n<p>D\u00e5 allt \u00e4r i dollar och cent och kronan \u00e5ker hiss \u00e4r det l\u00e4ttast att titta p\u00e5 ARRL\u00b4s hemsida.<\/p>\n<p><a href=\"http:\/\/www.arrl.org\/dxcc-awards-fees\">http:\/\/www.arrl.org\/dxcc-awards-fees<\/a><\/p>\n<p><strong><span style=\"font-size: 1rem;\">Anv\u00e4ndbara l\u00e4nkar och f\u00f6rdjupad l\u00e4sning,<\/span><\/strong><\/p>\n<p><strong>h\u00f6gerklicka s\u00e5 ska sidorna g\u00e5 att \u00f6vers\u00e4tta till svenska<\/strong>.<\/p>\n<p><a href=\"http:\/\/www.arrl.org\/dxcc-applications-received\"><span style=\"font-size: 1rem;\">http:\/\/www.arrl.org\/dxcc-applications-received<\/span><\/a><\/p>\n<p><a href=\"http:\/\/www.arrl.org\/files\/file\/DXCC\/2019_DXCC_Deleted_June.pdf\">http:\/\/www.arrl.org\/files\/file\/DXCC\/2019_DXCC_Deleted_June.pdf<\/a><\/p>\n<p><a href=\"http:\/\/www.arrl.org\/files\/file\/DXCC\/2019_Current_Deleted(3).txt\">http:\/\/www.arrl.org\/files\/file\/DXCC\/2019_Current_Deleted(3).txt<\/a><\/p>\n<p><a href=\"http:\/\/www.arrl.org\/dxcc-faq\">http:\/\/www.arrl.org\/dxcc-faq<\/a><\/p>\n<p><a href=\"http:\/\/www.arrl.org\/dxcc-rules\">http:\/\/www.arrl.org\/dxcc-rules<\/a><\/p>\n<p><a href=\"http:\/\/www.arrl.org\/files\/file\/DXCC\/DXCCYearbook\/DXCC%20YEARBOOK%202018.pdf\">http:\/\/www.arrl.org\/files\/file\/DXCC\/DXCCYearbook\/DXCC%20YEARBOOK%202018.pdf<\/a><\/p>\n<p>&nbsp;<\/p>\n","protected":false},"excerpt":{"rendered":"<p>DXCC st\u00e5r f\u00f6r DX Century Club och \u00e4r ett diplom man kan ans\u00f6ka om n\u00e4r man har verifierat 2-v\u00e4gs kontakter med minst 100 l\u00e4nder, eller entities som det egentligen heter. Amat\u00f6rradiol\u00e4nderna kan ibland skilja sig lite \u00e5t fr\u00e5n de \u201driktiga\u201d l\u00e4nderna. Man kan ans\u00f6ka om separata diplom f\u00f6r alla amat\u00f6rradioband samt CW, Phone, Digital och [&hellip;]<\/p>\n","protected":false},"author":2,"featured_media":0,"parent":3888,"menu_order":0,"comment_status":"closed","ping_status":"closed","template":"","meta":{"footnotes":""},"class_list":["post-4788","page","type-page","status-publish","hentry"],"_links":{"self":[{"href":"https:\/\/www.sk2hg.se\/wp\/index.php?rest_route=\/wp\/v2\/pages\/4788","targetHints":{"allow":["GET"]}}],"collection":[{"href":"https:\/\/www.sk2hg.se\/wp\/index.php?rest_route=\/wp\/v2\/pages"}],"about":[{"href":"https:\/\/www.sk2hg.se\/wp\/index.php?rest_route=\/wp\/v2\/types\/page"}],"author":[{"embeddable":true,"href":"https:\/\/www.sk2hg.se\/wp\/index.php?rest_route=\/wp\/v2\/users\/2"}],"replies":[{"embeddable":true,"href":"https:\/\/www.sk2hg.se\/wp\/index.php?rest_route=%2Fwp%2Fv2%2Fcomments&post=4788"}],"version-history":[{"count":8,"href":"https:\/\/www.sk2hg.se\/wp\/index.php?rest_route=\/wp\/v2\/pages\/4788\/revisions"}],"predecessor-version":[{"id":6422,"href":"https:\/\/www.sk2hg.se\/wp\/index.php?rest_route=\/wp\/v2\/pages\/4788\/revisions\/6422"}],"up":[{"embeddable":true,"href":"https:\/\/www.sk2hg.se\/wp\/index.php?rest_route=\/wp\/v2\/pages\/3888"}],"wp:attachment":[{"href":"https:\/\/www.sk2hg.se\/wp\/index.php?rest_route=%2Fwp%2Fv2%2Fmedia&parent=4788"}],"curies":[{"name":"wp","href":"https:\/\/api.w.org\/{rel}","templated":true}]}}