{"id":4860,"date":"2020-03-18T13:26:46","date_gmt":"2020-03-18T12:26:46","guid":{"rendered":"http:\/\/www.sk2hg.se\/wp\/?page_id=4860"},"modified":"2024-10-03T19:56:58","modified_gmt":"2024-10-03T17:56:58","slug":"kiwi","status":"publish","type":"page","link":"https:\/\/www.sk2hg.se\/wp\/?page_id=4860","title":{"rendered":"Kiwi"},"content":{"rendered":"<p><a href=\"https:\/\/www.sk2hg.se\/wp\/wp-content\/uploads\/2020\/03\/kiwi-sdr.png\"><br \/>\n<\/a><a href=\"https:\/\/www.sk2hg.se\/wp\/wp-content\/uploads\/2020\/03\/kiwi-sdr.png\"><img loading=\"lazy\" decoding=\"async\" class=\"alignleft size-full wp-image-4862\" alt=\"kiwi-sdr\" src=\"https:\/\/www.sk2hg.se\/wp\/wp-content\/uploads\/2020\/03\/kiwi-sdr.png\" width=\"300\" height=\"275\" \/><\/a>Kalix Radioklubb SK2HG har tv\u00e5 Kiwi SDR mottagare placerad p\u00e5 <a href=\"https:\/\/www.google.com\/maps\/place\/Sikn%C3%A4sfortet\/@65.851276,22.5665294,12z\/data=!4m5!3m4!1s0x45d584edc72ad06f:0xcffe909496dd9809!8m2!3d65.8680834!4d22.6436057\">Sikn\u00e4sfortet ca 25 km v\u00e4ster om Kalix<\/a>. Det \u00e4r i princip helt st\u00f6rningsfritt p\u00e5 platsen s\u00e5 mottagarna fungerar mycket bra. Antenn \u00e4r en Milit\u00e4r <a href=\"https:\/\/www.sk2hg.se\/downloads\/Bredbandsantenn-264.pdf\">bredbandsantenn 264<\/a>, allm\u00e4nt kallad &#8221;H\u00e4ngmatta&#8221;. Mottagarna kan hantera 4 st samtidiga lyssnare var totalt 8st allts\u00e5. I f\u00f6rsta hand \u00e4r mottagarna givetvis t\u00e4nkt f\u00f6r klubbens medlemmar men den ena mottagaren med \u00e4r idag \u00f6ppen f\u00f6r alla.<\/p>\n<p><a href=\"https:\/\/www.sk2hg.se\/wp\/wp-content\/uploads\/2021\/10\/Kiwisdr_x2.jpg\"><img loading=\"lazy\" decoding=\"async\" class=\"alignleft size-medium wp-image-5476\" alt=\"Kiwisdr_x2\" src=\"http:\/\/www.sk2hg.se\/wp\/wp-content\/uploads\/2021\/10\/Kiwisdr_x2-300x255.jpg\" width=\"300\" height=\"255\" srcset=\"https:\/\/www.sk2hg.se\/wp\/wp-content\/uploads\/2021\/10\/Kiwisdr_x2-300x255.jpg 300w, https:\/\/www.sk2hg.se\/wp\/wp-content\/uploads\/2021\/10\/Kiwisdr_x2-624x531.jpg 624w, https:\/\/www.sk2hg.se\/wp\/wp-content\/uploads\/2021\/10\/Kiwisdr_x2.jpg 2033w\" sizes=\"auto, (max-width: 300px) 100vw, 300px\" \/><\/a><\/p>\n<p>Du som anv\u00e4nder mottagaren flitigt utg\u00e5r vi ifr\u00e5n att ocks\u00e5 betalar medlemsavgift<span style=\"font-size: 1rem;\">.<\/span><\/p>\n<p>Man beh\u00f6ver inte bo i Kalix f\u00f6r att vara medlem i klubben. Medlemsavgift till klubben 100:-\/ \u00e5r betalas till Plusgiro 43 23 30-9.\u00a0(Gl\u00f6m Ej att ange Namn och ev. Signal)<\/p>\n<p>L\u00e4nk till mottagaren <a href=\"http:\/\/kiwisdr.sk2hg.se:8073\">kiwisdr.sk2hg.se:8073<\/a>\u00a0ange din signal d\u00e5 du ansluter.<\/p>\n<p><span style=\"font-size: 1rem;\">Sikn\u00e4sfortet var en del av Sikn\u00e4sbatteriet som bestod av ett antal fasta anl\u00e4ggningar med 15,2 cm kanoner nedspr\u00e4ngda i flera berg p\u00e5 Sikn\u00e4shalv\u00f6n. Batteriet var en av Kalix-linjens viktigaste f\u00f6rsvarsanl\u00e4ggningar som skulle skydda T\u00f6re hamn och E4 mot framryckning v\u00e4sterut. Varje anl\u00e4ggning var byggd f\u00f6r att klara sig sj\u00e4lv under l\u00e5ng tid. Endast en anl\u00e4ggning\u00a0 finns bevarad som bes\u00f6ksfort ( <\/span><a style=\"font-size: 1rem;\" href=\"https:\/\/siknasfortet.se\/\">mer info www.siknasfortet.se =&gt;<\/a><span style=\"font-size: 1rem;\"> )<\/span><\/p>\n\n\t\t<style type=\"text\/css\">\n\t\t\t#gallery-1 {\n\t\t\t\tmargin: auto;\n\t\t\t}\n\t\t\t#gallery-1 .gallery-item {\n\t\t\t\tfloat: left;\n\t\t\t\tmargin-top: 10px;\n\t\t\t\ttext-align: center;\n\t\t\t\twidth: 20%;\n\t\t\t}\n\t\t\t#gallery-1 img {\n\t\t\t\tborder: 2px solid #cfcfcf;\n\t\t\t}\n\t\t\t#gallery-1 .gallery-caption {\n\t\t\t\tmargin-left: 0;\n\t\t\t}\n\t\t\t\/* see gallery_shortcode() in wp-includes\/media.php *\/\n\t\t<\/style>\n\t\t<div id='gallery-1' class='gallery galleryid-4860 gallery-columns-5 gallery-size-thumbnail'><dl class='gallery-item'>\n\t\t\t<dt class='gallery-icon landscape'>\n\t\t\t\t<a href='https:\/\/www.sk2hg.se\/wp\/?attachment_id=4514'><img loading=\"lazy\" decoding=\"async\" width=\"150\" height=\"150\" src=\"https:\/\/www.sk2hg.se\/wp\/wp-content\/uploads\/2019\/09\/IMG_20190926_104450b-150x150.jpg\" class=\"attachment-thumbnail size-thumbnail\" alt=\"\" \/><\/a>\n\t\t\t<\/dt><\/dl><dl class='gallery-item'>\n\t\t\t<dt class='gallery-icon portrait'>\n\t\t\t\t<a href='https:\/\/www.sk2hg.se\/wp\/?attachment_id=4502'><img loading=\"lazy\" decoding=\"async\" width=\"150\" height=\"150\" src=\"https:\/\/www.sk2hg.se\/wp\/wp-content\/uploads\/2019\/09\/IMG_20190926_140312b-150x150.jpg\" class=\"attachment-thumbnail size-thumbnail\" alt=\"\" \/><\/a>\n\t\t\t<\/dt><\/dl><dl class='gallery-item'>\n\t\t\t<dt class='gallery-icon landscape'>\n\t\t\t\t<a href='https:\/\/www.sk2hg.se\/wp\/?attachment_id=4518'><img loading=\"lazy\" decoding=\"async\" width=\"150\" height=\"150\" src=\"https:\/\/www.sk2hg.se\/wp\/wp-content\/uploads\/2019\/09\/IMG_20190926_104646b-150x150.jpg\" class=\"attachment-thumbnail size-thumbnail\" alt=\"\" \/><\/a>\n\t\t\t<\/dt><\/dl><dl class='gallery-item'>\n\t\t\t<dt class='gallery-icon landscape'>\n\t\t\t\t<a href='https:\/\/www.sk2hg.se\/wp\/?attachment_id=4522'><img loading=\"lazy\" decoding=\"async\" width=\"150\" height=\"150\" src=\"https:\/\/www.sk2hg.se\/wp\/wp-content\/uploads\/2019\/09\/IMG_20190926_105020b-150x150.jpg\" class=\"attachment-thumbnail size-thumbnail\" alt=\"\" \/><\/a>\n\t\t\t<\/dt><\/dl><dl class='gallery-item'>\n\t\t\t<dt class='gallery-icon landscape'>\n\t\t\t\t<a href='https:\/\/www.sk2hg.se\/wp\/?attachment_id=4516'><img loading=\"lazy\" decoding=\"async\" width=\"150\" height=\"150\" src=\"https:\/\/www.sk2hg.se\/wp\/wp-content\/uploads\/2019\/09\/IMG_20190926_104456b-150x150.jpg\" class=\"attachment-thumbnail size-thumbnail\" alt=\"\" \/><\/a>\n\t\t\t<\/dt><\/dl><br style=\"clear: both\" \/><dl class='gallery-item'>\n\t\t\t<dt class='gallery-icon landscape'>\n\t\t\t\t<a href='https:\/\/www.sk2hg.se\/wp\/?attachment_id=4520'><img loading=\"lazy\" decoding=\"async\" width=\"150\" height=\"150\" src=\"https:\/\/www.sk2hg.se\/wp\/wp-content\/uploads\/2019\/09\/IMG_20190926_105013b-150x150.jpg\" class=\"attachment-thumbnail size-thumbnail\" alt=\"\" \/><\/a>\n\t\t\t<\/dt><\/dl><dl class='gallery-item'>\n\t\t\t<dt class='gallery-icon portrait'>\n\t\t\t\t<a href='https:\/\/www.sk2hg.se\/wp\/?attachment_id=4526'><img loading=\"lazy\" decoding=\"async\" width=\"150\" height=\"150\" src=\"https:\/\/www.sk2hg.se\/wp\/wp-content\/uploads\/2019\/09\/IMG_20190926_114200b-150x150.jpg\" class=\"attachment-thumbnail size-thumbnail\" alt=\"\" \/><\/a>\n\t\t\t<\/dt><\/dl><dl class='gallery-item'>\n\t\t\t<dt class='gallery-icon landscape'>\n\t\t\t\t<a href='https:\/\/www.sk2hg.se\/wp\/?attachment_id=4512'><img loading=\"lazy\" decoding=\"async\" width=\"150\" height=\"150\" src=\"https:\/\/www.sk2hg.se\/wp\/wp-content\/uploads\/2019\/09\/IMG_20190926_104439b-150x150.jpg\" class=\"attachment-thumbnail size-thumbnail\" alt=\"\" \/><\/a>\n\t\t\t<\/dt><\/dl><dl class='gallery-item'>\n\t\t\t<dt class='gallery-icon landscape'>\n\t\t\t\t<a href='https:\/\/www.sk2hg.se\/wp\/?attachment_id=4510'><img loading=\"lazy\" decoding=\"async\" width=\"150\" height=\"150\" src=\"https:\/\/www.sk2hg.se\/wp\/wp-content\/uploads\/2019\/09\/IMG_20190926_104306b-150x150.jpg\" class=\"attachment-thumbnail size-thumbnail\" alt=\"\" \/><\/a>\n\t\t\t<\/dt><\/dl>\n\t\t\t<br style='clear: both' \/>\n\t\t<\/div>\n\n<p>&nbsp;<\/p>\n","protected":false},"excerpt":{"rendered":"<p>Kalix Radioklubb SK2HG har tv\u00e5 Kiwi SDR mottagare placerad p\u00e5 Sikn\u00e4sfortet ca 25 km v\u00e4ster om Kalix. Det \u00e4r i princip helt st\u00f6rningsfritt p\u00e5 platsen s\u00e5 mottagarna fungerar mycket bra. Antenn \u00e4r en Milit\u00e4r bredbandsantenn 264, allm\u00e4nt kallad &#8221;H\u00e4ngmatta&#8221;. Mottagarna kan hantera 4 st samtidiga lyssnare var totalt 8st allts\u00e5. I f\u00f6rsta hand \u00e4r mottagarna [&hellip;]<\/p>\n","protected":false},"author":2,"featured_media":0,"parent":0,"menu_order":0,"comment_status":"closed","ping_status":"closed","template":"","meta":{"footnotes":""},"class_list":["post-4860","page","type-page","status-publish","hentry"],"_links":{"self":[{"href":"https:\/\/www.sk2hg.se\/wp\/index.php?rest_route=\/wp\/v2\/pages\/4860","targetHints":{"allow":["GET"]}}],"collection":[{"href":"https:\/\/www.sk2hg.se\/wp\/index.php?rest_route=\/wp\/v2\/pages"}],"about":[{"href":"https:\/\/www.sk2hg.se\/wp\/index.php?rest_route=\/wp\/v2\/types\/page"}],"author":[{"embeddable":true,"href":"https:\/\/www.sk2hg.se\/wp\/index.php?rest_route=\/wp\/v2\/users\/2"}],"replies":[{"embeddable":true,"href":"https:\/\/www.sk2hg.se\/wp\/index.php?rest_route=%2Fwp%2Fv2%2Fcomments&post=4860"}],"version-history":[{"count":23,"href":"https:\/\/www.sk2hg.se\/wp\/index.php?rest_route=\/wp\/v2\/pages\/4860\/revisions"}],"predecessor-version":[{"id":6322,"href":"https:\/\/www.sk2hg.se\/wp\/index.php?rest_route=\/wp\/v2\/pages\/4860\/revisions\/6322"}],"wp:attachment":[{"href":"https:\/\/www.sk2hg.se\/wp\/index.php?rest_route=%2Fwp%2Fv2%2Fmedia&parent=4860"}],"curies":[{"name":"wp","href":"https:\/\/api.w.org\/{rel}","templated":true}]}}