{"id":5006,"date":"2020-11-02T22:21:42","date_gmt":"2020-11-02T21:21:42","guid":{"rendered":"http:\/\/www.sk2hg.se\/wp\/?page_id=5006"},"modified":"2026-01-18T20:17:11","modified_gmt":"2026-01-18T19:17:11","slug":"sk-list","status":"publish","type":"page","link":"https:\/\/www.sk2hg.se\/wp\/?page_id=5006","title":{"rendered":"SM DXCC SK List"},"content":{"rendered":"<p><span style=\"font-size: 1rem;\">SK listan \u00e4r byggd av de resultat jag kunnat hitta, \u00c4r det n\u00e5gon som har en mer komplett historisk lista s\u00e5 tar jag tacksamt emot den och kompletterar listan nedan. Jag tror DJZ hade en lista &#8221;DXCC genom tiderna&#8221; eller n\u00e5tt liknande, n\u00e5n som laddat hem den ?<\/span><\/p>\n<p>sidan uppdaterad senast 2025-07-23<\/p>\n<p>&nbsp;<\/p>\n<p><button><a href=\"https:\/\/www.sk2hg.se\/wp\/?page_id=3888\">Mixed, Phone, CW, Digital, Challenge<\/a><\/button> <button><a href=\"https:\/\/www.sk2hg.se\/wp\/?page_id=3930\">160m-20m<\/a><\/button> <button><a href=\"https:\/\/www.sk2hg.se\/wp\/?page_id=3934\">17m-6m<\/a><\/button> <button><a href=\"https:\/\/www.sk2hg.se\/wp\/?page_id=3944\">2m, 70cm, SAT<\/a><\/button> <button><a href=\"https:\/\/www.sk2hg.se\/wp\/?page_id=4068\">Honor Roll<\/a><\/button><button><a href=\"https:\/\/www.sk2hg.se\/wp\/?page_id=6058\">DXCC by CS<\/a><\/button><button><a href=\"https:\/\/www.sk2hg.se\/wp\/?page_id=5202\">Latest Updates<\/a><\/button><button><a  href=\"https:\/\/www.sk2hg.se\/wp\/?page_id=4196\">IOTA<\/a><\/button><\/p>\n<p><iframe loading=\"lazy\" style=\"font-size: 1rem;\" src=\"https:\/\/www.sk2hg.se\/dxcc\/DXCC-SK-List.php\" height=\"3000\" width=\"900\"><\/iframe><\/p>\n<table style=\"width: 801px;\" border=\"0\" cellspacing=\"0\" cellpadding=\"0\">\n<colgroup>\n<col width=\"81\" \/>\n<col span=\"17\" width=\"34\" \/>\n<col span=\"2\" width=\"36\" \/>\n<col width=\"34\" \/>\n<col width=\"36\" \/> <\/colgroup>\n<\/table>\n","protected":false},"excerpt":{"rendered":"<p>SK listan \u00e4r byggd av de resultat jag kunnat hitta, \u00c4r det n\u00e5gon som har en mer komplett historisk lista s\u00e5 tar jag tacksamt emot den och kompletterar listan nedan. Jag tror DJZ hade en lista &#8221;DXCC genom tiderna&#8221; eller n\u00e5tt liknande, n\u00e5n som laddat hem den ? sidan uppdaterad senast 2025-07-23 &nbsp; Mixed, Phone, [&hellip;]<\/p>\n","protected":false},"author":2,"featured_media":0,"parent":3888,"menu_order":10,"comment_status":"closed","ping_status":"closed","template":"page-templates\/full-width.php","meta":{"footnotes":""},"class_list":["post-5006","page","type-page","status-publish","hentry"],"_links":{"self":[{"href":"https:\/\/www.sk2hg.se\/wp\/index.php?rest_route=\/wp\/v2\/pages\/5006","targetHints":{"allow":["GET"]}}],"collection":[{"href":"https:\/\/www.sk2hg.se\/wp\/index.php?rest_route=\/wp\/v2\/pages"}],"about":[{"href":"https:\/\/www.sk2hg.se\/wp\/index.php?rest_route=\/wp\/v2\/types\/page"}],"author":[{"embeddable":true,"href":"https:\/\/www.sk2hg.se\/wp\/index.php?rest_route=\/wp\/v2\/users\/2"}],"replies":[{"embeddable":true,"href":"https:\/\/www.sk2hg.se\/wp\/index.php?rest_route=%2Fwp%2Fv2%2Fcomments&post=5006"}],"version-history":[{"count":50,"href":"https:\/\/www.sk2hg.se\/wp\/index.php?rest_route=\/wp\/v2\/pages\/5006\/revisions"}],"predecessor-version":[{"id":6635,"href":"https:\/\/www.sk2hg.se\/wp\/index.php?rest_route=\/wp\/v2\/pages\/5006\/revisions\/6635"}],"up":[{"embeddable":true,"href":"https:\/\/www.sk2hg.se\/wp\/index.php?rest_route=\/wp\/v2\/pages\/3888"}],"wp:attachment":[{"href":"https:\/\/www.sk2hg.se\/wp\/index.php?rest_route=%2Fwp%2Fv2%2Fmedia&parent=5006"}],"curies":[{"name":"wp","href":"https:\/\/api.w.org\/{rel}","templated":true}]}}