{"id":5202,"date":"2021-03-13T12:31:22","date_gmt":"2021-03-13T11:31:22","guid":{"rendered":"http:\/\/www.sk2hg.se\/wp\/?page_id=5202"},"modified":"2026-01-18T20:21:31","modified_gmt":"2026-01-18T19:21:31","slug":"senaste-uppdateringar","status":"publish","type":"page","link":"https:\/\/www.sk2hg.se\/wp\/?page_id=5202","title":{"rendered":"Latest Updates"},"content":{"rendered":"<p>H\u00e4r ser man n\u00e4r resultaten senast uppdaterats i n\u00e5gon av listorna<\/p>\n<p><button><a href=\"https:\/\/www.sk2hg.se\/wp\/?page_id=3888\">Mixed, Phone, CW, Digital, Challenge<\/a><\/button> <button><a href=\"https:\/\/www.sk2hg.se\/wp\/?page_id=3930\">160m-20m<\/a><\/button> <button><a href=\"https:\/\/www.sk2hg.se\/wp\/?page_id=3934\">17m-6m<\/a><\/button> <button><a href=\"https:\/\/www.sk2hg.se\/wp\/?page_id=3944\">2m, 70cm, SAT<\/a><\/button> <button><a href=\"https:\/\/www.sk2hg.se\/wp\/?page_id=4068\">Honor Roll<\/a><\/button><button><a href=\"https:\/\/www.sk2hg.se\/wp\/?page_id=6058\">DXCC by CS<\/a><\/button><button><a  href=\"https:\/\/www.sk2hg.se\/wp\/?page_id=5006\">SK List<\/a><\/button><button><a href=\"https:\/\/www.sk2hg.se\/wp\/?page_id=4196\">IOTA<\/a><\/button><br \/>\n<iframe loading=\"lazy\" style=\"font-size: 1rem;\" src=\"https:\/\/www.sk2hg.se\/dxcc\/DXCC-Upd-Res-Date.php\" height=\"5000\" width=\"300\"><\/iframe><\/p>\n","protected":false},"excerpt":{"rendered":"<p>H\u00e4r ser man n\u00e4r resultaten senast uppdaterats i n\u00e5gon av listorna Mixed, Phone, CW, Digital, Challenge 160m-20m 17m-6m 2m, 70cm, SAT Honor RollDXCC by CSSK ListIOTA<\/p>\n","protected":false},"author":2,"featured_media":0,"parent":3888,"menu_order":0,"comment_status":"closed","ping_status":"closed","template":"page-templates\/full-width.php","meta":{"footnotes":""},"class_list":["post-5202","page","type-page","status-publish","hentry"],"_links":{"self":[{"href":"https:\/\/www.sk2hg.se\/wp\/index.php?rest_route=\/wp\/v2\/pages\/5202","targetHints":{"allow":["GET"]}}],"collection":[{"href":"https:\/\/www.sk2hg.se\/wp\/index.php?rest_route=\/wp\/v2\/pages"}],"about":[{"href":"https:\/\/www.sk2hg.se\/wp\/index.php?rest_route=\/wp\/v2\/types\/page"}],"author":[{"embeddable":true,"href":"https:\/\/www.sk2hg.se\/wp\/index.php?rest_route=\/wp\/v2\/users\/2"}],"replies":[{"embeddable":true,"href":"https:\/\/www.sk2hg.se\/wp\/index.php?rest_route=%2Fwp%2Fv2%2Fcomments&post=5202"}],"version-history":[{"count":28,"href":"https:\/\/www.sk2hg.se\/wp\/index.php?rest_route=\/wp\/v2\/pages\/5202\/revisions"}],"predecessor-version":[{"id":6638,"href":"https:\/\/www.sk2hg.se\/wp\/index.php?rest_route=\/wp\/v2\/pages\/5202\/revisions\/6638"}],"up":[{"embeddable":true,"href":"https:\/\/www.sk2hg.se\/wp\/index.php?rest_route=\/wp\/v2\/pages\/3888"}],"wp:attachment":[{"href":"https:\/\/www.sk2hg.se\/wp\/index.php?rest_route=%2Fwp%2Fv2%2Fmedia&parent=5202"}],"curies":[{"name":"wp","href":"https:\/\/api.w.org\/{rel}","templated":true}]}}