{"id":54,"date":"2014-01-29T22:57:57","date_gmt":"2014-01-29T21:57:57","guid":{"rendered":"http:\/\/www.remoterig.com\/sk2hg\/wp\/?page_id=54"},"modified":"2023-11-21T16:12:02","modified_gmt":"2023-11-21T15:12:02","slug":"r5rv58-raggdynan-kalix","status":"publish","type":"page","link":"https:\/\/www.sk2hg.se\/wp\/?page_id=54","title":{"rendered":"R5\/RV58 DMR\/Analog Kalix Rgd"},"content":{"rendered":"<p><strong>R5\/RV58 DMR\/Analog Kalix Raggdynan<\/strong><\/p>\n<p>Repeatern finns \u00a0p\u00e5 berget Raggdynan 16 km sydost om Kalix. Raggdynan \u00e4r ett &#8216;klassiskt&#8217; repeater QTH d\u00e4r det funnits en repeater sen 70-talet.<\/p>\n<p>2018-06-16 \u201dDigitaliserades\u201d repeatern dvs den byggdes om s\u00e5 att den g\u00e5r i dual mode dvs. b\u00e5de som analog och digital repeater (DMR). Analogt \u00e4r den kopplad till Kalixlinjens \u00f6vriga repeatrar precis som f\u00f6rrut. Digitalt \u00e4r den fast kopplad till Brandmeister TG8 och TG2402 (TS2). Val av digital resp. analog mode sker helt automatiskt. Om du lyssnar p\u00e5 repeatern analogt m\u00e5ste du aktivera subtone squelch s\u00e5 att din radio inte \u00f6ppnar p\u00e5 DMR signalen.<\/p>\n<p><span style=\"font-size: 1rem;\">Talgrupp 8 \u00e4r lokal talgrupp f\u00f6r Norrbotten. Dynamiskt kan valfri talgrupp kopplas upp, Dynamiska uppkopplingar \u00e4r aktiva i ca 15 min (styrs av Brandmeister). Repeatern har en egen kontrolpanel d\u00e4r man kan se vad som h\u00e4nder p\u00e5 den i realtid, den finns <\/span><a style=\"font-size: 1rem;\" href=\"http:\/\/44.140.64.60\">h\u00e4r=&gt;<\/a><span style=\"font-size: 1rem;\"> I Brandmeister kallas repeatern SK2HG-5 kontrollpanelen finns <\/span><a style=\"font-size: 1rem;\" href=\"https:\/\/brandmeister.network\/?page=repeater&amp;id=240207\">h\u00e4r-&gt;<\/a><span style=\"font-size: 1rem;\"> d\u00e4r man kan se bl.a. vilka talgrupper som \u00e4r kopplade till Repeatern.<\/span><\/p>\n<p>R5an i analog mode \u00e4r allts\u00e5 kopplad till Kalix linjen och \u00f6ppnar samtidigt som \u00f6vriga repeaterar. Repeatern \u00e4r f\u00f6rsedd med subtonsquelch CTCSS 107.2 Hz och man skall INTE anv\u00e4nda n\u00e5gon 1750 Hz ton utan bara trycka PTT i 1 sekund s\u00e5 \u00f6ppnar alla repeatrarna i vanlig ordning. Vill man k\u00f6ra bara R5 s\u00e5 \u00f6ppnar man med DTMF 5.<\/p>\n<p><span style=\"font-size: 1rem;\">2016-11-04 Nytt \u00e4r att R5an har CTCSS squelch (enligt IARU rekommendationer). S\u00e5 f\u00f6r att k\u00f6ra m\u00e5ste man programmera sin radio s\u00e5 att den s\u00e4nder 107.2 Hz CTCSS (subtone). R5:an \u00a0\u00e4r kopplad till Kalix linjen, Man skall INTE anv\u00e4nda n\u00e5gon <\/span><del style=\"font-size: 1rem;\">1750 Hz ton<\/del><span style=\"font-size: 1rem;\"> utan alla repeatrar i repeaterkedjan Kalixlinjen \u00f6ppnar automatiskt d\u00e5 repeatern startar. Vill man k\u00f6ra lokalt \u00f6ver bara R5an s\u00e5 h\u00e5ller man ned DTMF 5 innan man trycker p\u00e5 PTT. Repeatern s\u00e4nder CTCSS 107.2 Hz s\u00e5 vill man aktivera subtonesquelch i sin radio s\u00e5 kan man g\u00f6ra det, man slipper d\u00e5 st\u00f6rningar fr\u00e5n allt m\u00f6jligt fr\u00e4mst d\u00e5 man k\u00f6r i stan. \u00a0Skall du r\u00f6ra p\u00e5 dig i distriktet s\u00e5 passa p\u00e5 att programmera 107.2 Hz s\u00e4ndning p\u00e5 alla repeaterkanaler eftersom CTCSS squelch inf\u00f6rs efterhand .<\/span><\/p>\n<p><span style=\"font-size: small;\"><strong><span style=\"line-height: 1.714285714;\">Lite historik<\/span><\/strong><\/span><\/p>\n<p><span style=\"font-size: small;\">Sigvard (SM2EJE) skriver f\u00f6ljande:<\/span><\/p>\n<p><span style=\"font-size: small;\"><em>&#8221;H\u00e4r \u00e4r en liten ber\u00e4ttelse om repeater historien i Kalix.<\/em><\/span><\/p>\n<p><span style=\"font-size: small;\"><em>1977 best\u00e4llde Vi en byggsats fr\u00e5n USA som Jag och SM2IUF, Gunnar byggde ihop. I b\u00f6rjan k\u00f6rde vi med separta antenner men det var nog s\u00e5 mycket HF-p\u00e5verkan. Senare k\u00f6pte vi ett kavitetsfilter och fick det att fungera mycket b\u00e4ttre. Den 25 april 1977 sattes den f\u00f6rsta versionen upp. Det var lite problem i uppstarten men det fungerade utm\u00e4rkt efter d\u00e5tidens f\u00f6rh\u00e5llanden. Det var mycket trimmande i b\u00f6rjan, man fick \u00e5ka upp och ner p\u00e5 Raggdynan i ur och skur. Vi provade med n\u00e5gra andra mottagare med b\u00e4ttre ing\u00e5ngsfilter och det blev b\u00e4ttre och b\u00e4ttre efter varje byte. Ibland var det trimningar mitt i natten men det fanns inga sp\u00f6ken d\u00e4r uppe Hihi.<\/em><\/span><\/p>\n<p><span style=\"font-size: small;\"><em>Ungef\u00e4r s\u00e5 gick det till den tiden. Forts\u00e4ttningen f\u00e5r Micke ber\u00e4tta om. Han tog \u00f6ver repeater jobbet med tillg\u00e5ng till b\u00e4ttre grejor. K\u00e4mpigt var det men oxo roligt. &#8211; MVH\/Sigvard<\/em>&#8221;<\/span><\/p>\n<p><span style=\"font-size: small;\">VoIP L\u00e4nkningen<\/span><\/p>\n<p><span style=\"font-size: small;\">All l\u00e4nkning mellan repeatrarna bygger p\u00e5 &#8216;VoIP&#8217; teknik. Du kan l\u00e4sa mera om l\u00e4nkningen <a href=\"https:\/\/www.sk2hg.se\/wp\/?page_id=36\">&#8211;&gt;H\u00e4r!<\/a><\/span><\/p>\n<p><span style=\"font-size: small;\"><img loading=\"lazy\" decoding=\"async\" alt=\"image\" src=\"https:\/\/www.remoterig.com\/picturepaster\/a79aef6926a3497a94dfc49e17ffcfea.jpg\" width=\"463\" height=\"175\" border=\"0\" \/><\/span><\/p>\n<p><span style=\"font-size: small;\"><img loading=\"lazy\" decoding=\"async\" alt=\"image\" src=\"https:\/\/www.remoterig.com\/picturepaster\/d3a4152c6d544c4a9423a48439f50b8a.jpg\" width=\"347\" height=\"463\" border=\"0\" \/><\/span><br \/>\n<span style=\"font-size: small;\"> <em><span style=\"line-height: 1.714285714;\">Repeater R5 uppe p\u00e5 Raggdynan &#8211; Foto: SM20AN (Gammal bild 2008.11.11)<\/span><\/em><\/span><\/p>\n<p><span style=\"font-size: small;\"><img loading=\"lazy\" decoding=\"async\" style=\"font-size: 1rem; line-height: 1;\" alt=\"image\" src=\"https:\/\/www.remoterig.com\/picturepaster\/abf569a03b8f4893a0011bee1b4b5905.jpg\" width=\"400\" height=\"300\" border=\"0\" \/><\/span><br \/>\n<span style=\"font-size: small;\"> <em>VoIP utrustningen &#8211; Foto: SM20AN (Gammal bild 2008.11.11)<\/em><\/span><\/p>\n<p><span style=\"font-size: small;\"><img loading=\"lazy\" decoding=\"async\" style=\"font-size: 1rem; line-height: 1;\" alt=\"image\" src=\"https:\/\/www.remoterig.com\/picturepaster\/428f01bc65424a6fa2077c17b56a53a8.jpg\" width=\"400\" height=\"300\" border=\"0\" \/><\/span><br \/>\n<span style=\"font-size: small;\"> <em style=\"line-height: 1.714285714; font-size: 1rem;\"><span style=\"line-height: 1.714285714;\">WLAN L\u00e4nk &#8211; Powerstation 5 &#8211; Foto: SM20AN (Gammal bild 2008.11.11)<br \/>\nPowerBeam AC500 anv\u00e4nds idag (2017)<\/span><\/em><\/span><\/p>\n<p><span style=\"line-height: 1.714285714; font-size: small;\">Kalix \/ Raggdynan R5 \u00e4r l\u00e4nkad via 5 GHz WLAN l\u00e4nk ner till Vattentornet Rammelberget \/ Kalix med hj\u00e4lp av en Ubiquiti PowerBeam AC500 d\u00e4r anslutningen mot AMPRnet (fiber) sker..<\/span><\/p>\n<p><span style=\"font-size: small;\"><img loading=\"lazy\" decoding=\"async\" style=\"font-size: 1rem; line-height: 1;\" alt=\"image\" src=\"https:\/\/www.remoterig.com\/picturepaster\/3f278869cade490e8d51061e87a799db.jpg\" width=\"347\" height=\"463\" border=\"0\" \/><\/span><br \/>\n<span style=\"font-size: small;\"> <em><span style=\"line-height: 1.714285714;\">Hela installationen R5 &amp; RU6 &#8211; Foto: SM20AN (Gammal bild 2008.11.11)<\/span><\/em><\/span><\/p>\n<p><span style=\"font-size: small;\"><img loading=\"lazy\" decoding=\"async\" style=\"font-size: 1rem; line-height: 1;\" alt=\"image\" src=\"https:\/\/www.remoterig.com\/picturepaster\/58076d17094d4ff5a150bcd5cf25ff8f.jpg\" width=\"347\" height=\"463\" border=\"0\" \/><\/span><br \/>\n<span style=\"font-size: small;\"> <em style=\"line-height: 1.714285714; font-size: 1rem;\"><span style=\"line-height: 1.714285714;\">R5 2-stack till v\u00e4nster 70 cm 4-stack till h\u00f6ger. APRS antennen hit\u00e5t. Foto: SM20AN (Gammal bild 2008.11.11)<br \/>\n<\/span><\/em><\/span><br \/>\n<span style=\"font-size: small;\"> <em>T\u00e4ckningskarta mot mobilstation simulerad i Radio Mobile, klicka p\u00e5 kartan f\u00f6r att se en st\u00f6rre version<\/em><\/span><\/p>\n<p><a href=\"https:\/\/www.sk2hg.se\/wp\/wp-content\/uploads\/2014\/01\/R5_Raggdynan.jpeg\"><img loading=\"lazy\" decoding=\"async\" class=\"alignnone size-large wp-image-2226\" alt=\"R5_Raggdynan\" src=\"http:\/\/www.sk2hg.se\/wp\/wp-content\/uploads\/2014\/01\/R5_Raggdynan-1024x873.jpeg\" width=\"625\" height=\"532\" srcset=\"https:\/\/www.sk2hg.se\/wp\/wp-content\/uploads\/2014\/01\/R5_Raggdynan-1024x873.jpeg 1024w, https:\/\/www.sk2hg.se\/wp\/wp-content\/uploads\/2014\/01\/R5_Raggdynan-300x256.jpeg 300w, https:\/\/www.sk2hg.se\/wp\/wp-content\/uploads\/2014\/01\/R5_Raggdynan-624x532.jpeg 624w, https:\/\/www.sk2hg.se\/wp\/wp-content\/uploads\/2014\/01\/R5_Raggdynan.jpeg 1200w\" sizes=\"auto, (max-width: 625px) 100vw, 625px\" \/><\/a><\/p>\n<p><span style=\"font-size: small; line-height: 1.71429;\">Repeater ansvarig &#8230;&#8230;&#8230;&#8230;&#8230;. SM2OAN Micke<\/span><\/p>\n<p><span style=\"font-size: small;\"> Lokal kontakt \/ Driftansvarig &#8230;. -&#8221;-<\/span><\/p>\n<p><span style=\"font-size: small;\">\u00a0<\/span><\/p>\n","protected":false},"excerpt":{"rendered":"<p>R5\/RV58 DMR\/Analog Kalix Raggdynan Repeatern finns \u00a0p\u00e5 berget Raggdynan 16 km sydost om Kalix. Raggdynan \u00e4r ett &#8216;klassiskt&#8217; repeater QTH d\u00e4r det funnits en repeater sen 70-talet. 2018-06-16 \u201dDigitaliserades\u201d repeatern dvs den byggdes om s\u00e5 att den g\u00e5r i dual mode dvs. b\u00e5de som analog och digital repeater (DMR). Analogt \u00e4r den kopplad till Kalixlinjens [&hellip;]<\/p>\n","protected":false},"author":2,"featured_media":0,"parent":36,"menu_order":0,"comment_status":"closed","ping_status":"closed","template":"","meta":{"footnotes":""},"class_list":["post-54","page","type-page","status-publish","hentry"],"_links":{"self":[{"href":"https:\/\/www.sk2hg.se\/wp\/index.php?rest_route=\/wp\/v2\/pages\/54","targetHints":{"allow":["GET"]}}],"collection":[{"href":"https:\/\/www.sk2hg.se\/wp\/index.php?rest_route=\/wp\/v2\/pages"}],"about":[{"href":"https:\/\/www.sk2hg.se\/wp\/index.php?rest_route=\/wp\/v2\/types\/page"}],"author":[{"embeddable":true,"href":"https:\/\/www.sk2hg.se\/wp\/index.php?rest_route=\/wp\/v2\/users\/2"}],"replies":[{"embeddable":true,"href":"https:\/\/www.sk2hg.se\/wp\/index.php?rest_route=%2Fwp%2Fv2%2Fcomments&post=54"}],"version-history":[{"count":23,"href":"https:\/\/www.sk2hg.se\/wp\/index.php?rest_route=\/wp\/v2\/pages\/54\/revisions"}],"predecessor-version":[{"id":5984,"href":"https:\/\/www.sk2hg.se\/wp\/index.php?rest_route=\/wp\/v2\/pages\/54\/revisions\/5984"}],"up":[{"embeddable":true,"href":"https:\/\/www.sk2hg.se\/wp\/index.php?rest_route=\/wp\/v2\/pages\/36"}],"wp:attachment":[{"href":"https:\/\/www.sk2hg.se\/wp\/index.php?rest_route=%2Fwp%2Fv2%2Fmedia&parent=54"}],"curies":[{"name":"wp","href":"https:\/\/api.w.org\/{rel}","templated":true}]}}