{"id":58,"date":"2014-01-29T22:59:39","date_gmt":"2014-01-29T21:59:39","guid":{"rendered":"http:\/\/www.remoterig.com\/sk2hg\/wp\/?page_id=58"},"modified":"2023-11-21T16:17:43","modified_gmt":"2023-11-21T15:17:43","slug":"ru5ru378-rammelberget-kalix","status":"publish","type":"page","link":"https:\/\/www.sk2hg.se\/wp\/?page_id=58","title":{"rendered":"RU5\/378 DMR\/Analog &#8211; Kalix C"},"content":{"rendered":"<p><span style=\"font-size: small;\">2008-09-30 &#8211; monterades och driftssattes 70cm repeatern i vattentornet p\u00e5 Rammelberget \/ Kalix. Repeatern \u00e4r fr\u00e4mst t\u00e4nkt f\u00f6r mobil\/portabel trafik i centrala Kalix.<\/span><\/p>\n<p><span style=\"font-size: small;\">2018-06-10 &#8221;Digitaliserades&#8221; repeatern dvs den byggdes om s\u00e5 att den g\u00e5r i dual mode dvs.\u00a0b\u00e5de som analog och digital repeater (DMR).\u00a0\u00a0Analogt \u00e4r den kopplad till Kalixlinjens \u00f6vriga repeatrar precis som f\u00f6rrut. Digitalt \u00e4r den fast kopplad till Brandmeister TG8 och TG2402 (TS2).\u00a0Val av digital resp. analog mode sker helt automatiskt. Om du lyssnar p\u00e5 repeatern analogt m\u00e5ste du aktivera subtone squelch s\u00e5 att din radio inte \u00f6ppnar p\u00e5 DMR signalen.\u00a0<\/span><\/p>\n<p><span style=\"font-size: small;\">Samtidigt byttes antenn till en ny &#8221;blindk\u00e4pp&#8221; CMA45\/c\u00a0med 3 dBd gain som SM2SRV sk\u00e4nkt. Nya radiostationer installerades ocks\u00e5,\u00a0nu anv\u00e4nds 2 st Motorola CM140 uteffekten \u00e4r ocks\u00e5 h\u00f6jd till 20W s\u00e5 den borde g\u00e5r riktigt bra i centrala Kalix.<\/span><\/p>\n<p><span style=\"font-size: small;\">I DMR mode \u00e4r repeaterns Tidslucka 2 statiskt kopplad till Brandmeister Talgrupp 8 och 2402. <\/span><br \/>\n<span style=\"font-size: small;\">Talgrupp 8 \u00e4r lokal talgrupp f\u00f6r Norrbotten. Dynamiskt kan valfri talgrupp kopplas upp, Dynamiska uppkopplingar \u00e4r aktiva i ca 20 min (styrs av Brandmeister). Repeatern har en egen kontrolpanel d\u00e4r man kan se vad som h\u00e4nder p\u00e5 den i realtid, den finns <a href=\"http:\/\/44.140.64.44\">h\u00e4r=&gt;<\/a>\u00a0<\/span><span style=\"font-size: small;\">I Brandmeister kallas repeatern SK2HG-7 kontrollpanelen finns <a href=\"https:\/\/brandmeister.network\/?page=repeater&amp;id=240204\">h\u00e4r-&gt;<\/a>\u00a0d\u00e4r man kan se bl.a. vilka talgrupper som \u00e4r kopplade till Repeatern.<\/span><\/p>\n<p><span style=\"font-size: small; line-height: 1.714285714;\">RU5an i analog mode \u00e4r allts\u00e5\u00a0 kopplad till Kalix linjen och \u00f6ppnar samtidigt som \u00f6vriga repeaterar. Repeatern \u00e4r f\u00f6rsedd med subtonsquelch CTCSS 107.2 Hz och man skall INTE anv\u00e4nda n\u00e5gon \u00a01750 Hz ton \u00a0utan bara trycka PTT \u00a0i 1 sekund s\u00e5 \u00f6ppnar alla repeatrarna i vanlig ordning. Vill man k\u00f6ra bara RU5 s\u00e5 \u00f6ppnar man med DTMF 7.\u00a0 \u00a0<\/span><\/p>\n<p><span style=\"font-size: small; line-height: 1.714285714;\">Fr\u00e5n RU5ans QTH sker ocks\u00e5 5 GHz l\u00e4nkningen mot R5 och RF95 p\u00e5 Raggdynan. Det \u00a0sitter en Ubiquiti AC-500-ISO l\u00e4nkb\u00e4gge \u00e4ndar som \u00f6verf\u00f6r AMPRnet till Raggdynan. Den klarar &gt;00Mbit\/s utan vidare trots att avst\u00e5ndet \u00e4r 16 km. \u00a0En l\u00e4nk finns ocks\u00e5 mot Radioklubben SK2HG, Fr\u00e5n Vattentornet sker anslutningen mot AMPRnet via fiber.\u00a0<\/span><\/p>\n<p><span style=\"font-size: small; line-height: 1.714285714;\">All l\u00e4nkning mellan repeatrarna bygger p\u00e5 &#8216;VoIP&#8217; teknik. Du kan l\u00e4sa mera om l\u00e4nkningen <\/span><a style=\"font-size: small; line-height: 1.714285714;\" href=\"https:\/\/www.sk2hg.se\/wp\/?page_id=36\">&#8211;&gt;H\u00e4r!<\/a><\/p>\n<p><strong style=\"font-size: small; line-height: 1.714285714;\">Bilder<\/strong><\/p>\n<p><a href=\"https:\/\/www.sk2hg.se\/wp\/wp-content\/uploads\/2018\/06\/IMG_20180612_080520b.jpg\"><img loading=\"lazy\" decoding=\"async\" class=\"alignleft size-medium wp-image-3630\" alt=\"IMG_20180612_080520b\" src=\"http:\/\/www.sk2hg.se\/wp\/wp-content\/uploads\/2018\/06\/IMG_20180612_080520b-225x300.jpg\" width=\"225\" height=\"300\" srcset=\"https:\/\/www.sk2hg.se\/wp\/wp-content\/uploads\/2018\/06\/IMG_20180612_080520b-225x300.jpg 225w, https:\/\/www.sk2hg.se\/wp\/wp-content\/uploads\/2018\/06\/IMG_20180612_080520b-624x831.jpg 624w, https:\/\/www.sk2hg.se\/wp\/wp-content\/uploads\/2018\/06\/IMG_20180612_080520b.jpg 2048w\" sizes=\"auto, (max-width: 225px) 100vw, 225px\" \/><\/a><a href=\"https:\/\/www.sk2hg.se\/wp\/wp-content\/uploads\/2018\/06\/IMG_20180612_080517b.jpg\"><img loading=\"lazy\" decoding=\"async\" class=\"alignleft size-medium wp-image-3632\" alt=\"IMG_20180612_080517b\" src=\"https:\/\/www.sk2hg.se\/wp\/wp-content\/uploads\/2018\/06\/IMG_20180612_080517b-225x300.jpg\" width=\"225\" height=\"300\" srcset=\"https:\/\/www.sk2hg.se\/wp\/wp-content\/uploads\/2018\/06\/IMG_20180612_080517b-225x300.jpg 225w, https:\/\/www.sk2hg.se\/wp\/wp-content\/uploads\/2018\/06\/IMG_20180612_080517b-624x831.jpg 624w, https:\/\/www.sk2hg.se\/wp\/wp-content\/uploads\/2018\/06\/IMG_20180612_080517b.jpg 2048w\" sizes=\"auto, (max-width: 225px) 100vw, 225px\" \/><\/a><\/p>\n<p>&nbsp;<\/p>\n<p>&nbsp;<\/p>\n<p>&nbsp;<\/p>\n<p>&nbsp;<\/p>\n<p>&nbsp;<\/p>\n<p>&nbsp;<\/p>\n<p>&nbsp;<\/p>\n<p><span style=\"font-size: small;\">V\u00e4lfyllt repeatersk\u00e5p, Inte det mest praktiska, men sv\u00e5rt att ta upp n\u00e5tt st\u00f6rre sk\u00e5p via spiraltrappan. Foto: SM2OAN\u00a0<\/span><\/p>\n<p><a href=\"https:\/\/www.sk2hg.se\/wp\/wp-content\/uploads\/2018\/06\/IMG_20180611_174746.jpg\"><img loading=\"lazy\" decoding=\"async\" class=\"alignleft size-medium wp-image-3628\" alt=\"IMG_20180611_174746\" src=\"https:\/\/www.sk2hg.se\/wp\/wp-content\/uploads\/2018\/06\/IMG_20180611_174746-225x300.jpg\" width=\"225\" height=\"300\" srcset=\"https:\/\/www.sk2hg.se\/wp\/wp-content\/uploads\/2018\/06\/IMG_20180611_174746-225x300.jpg 225w, https:\/\/www.sk2hg.se\/wp\/wp-content\/uploads\/2018\/06\/IMG_20180611_174746-624x831.jpg 624w, https:\/\/www.sk2hg.se\/wp\/wp-content\/uploads\/2018\/06\/IMG_20180611_174746.jpg 2048w\" sizes=\"auto, (max-width: 225px) 100vw, 225px\" \/><\/a><\/p>\n<p>&nbsp;<\/p>\n<p><span style=\"font-size: small;\">V\u00e5r 70cm vertikal \u00f6verst, Nedanf\u00f6r n\u00e5n som tjuvl\u00e5nat v\u00e5rt r\u00f6r f\u00f6r en Wimax l\u00e4nk, 40 cm UBNT l\u00e4nk mot Motorklubben, V\u00e5r 50 cm UBNT l\u00e4nk mot Raggdynan n\u00e4st nederst, Nederst 20 cm UBNT\u00a0 l\u00e4nk mot Radioklubben.<br \/>\nFoto: SM2OA<\/span>N<\/p>\n<p>&nbsp;<\/p>\n<p>&nbsp;<\/p>\n<p>&nbsp;<\/p>\n<p>&nbsp;<\/p>\n<p><span style=\"line-height: 1.714285714; font-size: small;\">Mera historiska bilder hittar du <a href=\"http:\/\/www.sk2hg.se\/wp\/?page_id=458\">&#8211;&gt;H\u00e4r!<\/a><\/span><\/p>\n<p><a href=\"https:\/\/www.sk2hg.se\/wp\/wp-content\/uploads\/2014\/01\/RU5_Kalix_VT_portabel.jpeg\"><img loading=\"lazy\" decoding=\"async\" class=\"alignnone size-large wp-image-2240\" alt=\"RU5_Kalix_VT_portabel\" src=\"https:\/\/www.sk2hg.se\/wp\/wp-content\/uploads\/2014\/01\/RU5_Kalix_VT_portabel-1024x873.jpeg\" width=\"625\" height=\"532\" srcset=\"https:\/\/www.sk2hg.se\/wp\/wp-content\/uploads\/2014\/01\/RU5_Kalix_VT_portabel-1024x873.jpeg 1024w, https:\/\/www.sk2hg.se\/wp\/wp-content\/uploads\/2014\/01\/RU5_Kalix_VT_portabel-300x256.jpeg 300w, https:\/\/www.sk2hg.se\/wp\/wp-content\/uploads\/2014\/01\/RU5_Kalix_VT_portabel-624x532.jpeg 624w, https:\/\/www.sk2hg.se\/wp\/wp-content\/uploads\/2014\/01\/RU5_Kalix_VT_portabel.jpeg 1200w\" sizes=\"auto, (max-width: 625px) 100vw, 625px\" \/><\/a><\/p>\n<p><em>T\u00e4ckningskarta mot handportabel station simulerad i Radio Mobile. Klicka p\u00e5 kartan f\u00f6r st\u00f6rre bild<\/em>.<\/p>\n<p><span style=\"font-size: small;\"><span style=\"line-height: 1.714285714;\">Repeateransvarig &#8230;&#8230;&#8230;&#8230;&#8230;. SM2OAN Micke<\/span><\/span><\/p>\n<p><span style=\"font-size: small;\">Lokal kontakt \/ Driftansvarig &#8230;. -&#8221;-<\/span><\/p>\n","protected":false},"excerpt":{"rendered":"<p>2008-09-30 &#8211; monterades och driftssattes 70cm repeatern i vattentornet p\u00e5 Rammelberget \/ Kalix. Repeatern \u00e4r fr\u00e4mst t\u00e4nkt f\u00f6r mobil\/portabel trafik i centrala Kalix. 2018-06-10 &#8221;Digitaliserades&#8221; repeatern dvs den byggdes om s\u00e5 att den g\u00e5r i dual mode dvs.\u00a0b\u00e5de som analog och digital repeater (DMR).\u00a0\u00a0Analogt \u00e4r den kopplad till Kalixlinjens \u00f6vriga repeatrar precis som f\u00f6rrut. Digitalt [&hellip;]<\/p>\n","protected":false},"author":2,"featured_media":0,"parent":36,"menu_order":0,"comment_status":"closed","ping_status":"closed","template":"","meta":{"footnotes":""},"class_list":["post-58","page","type-page","status-publish","hentry"],"_links":{"self":[{"href":"https:\/\/www.sk2hg.se\/wp\/index.php?rest_route=\/wp\/v2\/pages\/58","targetHints":{"allow":["GET"]}}],"collection":[{"href":"https:\/\/www.sk2hg.se\/wp\/index.php?rest_route=\/wp\/v2\/pages"}],"about":[{"href":"https:\/\/www.sk2hg.se\/wp\/index.php?rest_route=\/wp\/v2\/types\/page"}],"author":[{"embeddable":true,"href":"https:\/\/www.sk2hg.se\/wp\/index.php?rest_route=\/wp\/v2\/users\/2"}],"replies":[{"embeddable":true,"href":"https:\/\/www.sk2hg.se\/wp\/index.php?rest_route=%2Fwp%2Fv2%2Fcomments&post=58"}],"version-history":[{"count":30,"href":"https:\/\/www.sk2hg.se\/wp\/index.php?rest_route=\/wp\/v2\/pages\/58\/revisions"}],"predecessor-version":[{"id":5994,"href":"https:\/\/www.sk2hg.se\/wp\/index.php?rest_route=\/wp\/v2\/pages\/58\/revisions\/5994"}],"up":[{"embeddable":true,"href":"https:\/\/www.sk2hg.se\/wp\/index.php?rest_route=\/wp\/v2\/pages\/36"}],"wp:attachment":[{"href":"https:\/\/www.sk2hg.se\/wp\/index.php?rest_route=%2Fwp%2Fv2%2Fmedia&parent=58"}],"curies":[{"name":"wp","href":"https:\/\/api.w.org\/{rel}","templated":true}]}}