{"id":62,"date":"2014-01-29T23:00:39","date_gmt":"2014-01-29T22:00:39","guid":{"rendered":"http:\/\/www.remoterig.com\/sk2hg\/wp\/?page_id=62"},"modified":"2023-11-21T16:18:44","modified_gmt":"2023-11-21T15:18:44","slug":"62-2","status":"publish","type":"page","link":"https:\/\/www.sk2hg.se\/wp\/?page_id=62","title":{"rendered":"RU6\/380 DMR \/ D* Kalix Rgd"},"content":{"rendered":"<p><strong>RU6\/RU380 SK2RJH \/ SK2RJH B &#8211; Kalix Raggdynan<\/strong><\/p>\n<p>Repeatern \u00e4r f\u00f6r n\u00e4rvarande QRT<\/p>\n<p>D-star repeatern \u00e4r nu (17-11-11) utbytt mot en ny repeater Tait TB7100 med ett digital interface kallat MMDVM, samt en Raspberry Pi. Frekvensen \u00e4r den samma som f\u00f6rrut\u00a0 434.750 MHz med &#8211; 2 MHz skift, uteffekt till antenn ca 25W. MMDVM-kortet st\u00f6djer 4 digitala moder DMR, D-Star, Fusion och P25.\u00a0 Vi har aktiverat D-star och DMR. Repeatern lyssnar p\u00e5 b\u00e4gge moderna i vila. Efter trafik i n\u00e5n av moderna s\u00e5 lyssnar den bara p\u00e5 aktuell mod i 10 sekunder. Idag s\u00e4nds TG 2402 och TG8 Norrbotten) ut p\u00e5 DMR timeslot 2 och Worldwide talgruppen TG91 p\u00e5 Timeslot 1.\u00a0Dynamiska uppkopplingar \u00e4r aktiva i ca 20 min (styrs av Brandmeister).<\/p>\n<p>I Brandmeister kallas repeatern SK2RJH, dashboard finns\u00a0\u00a0<a href=\"http:\/\/44.140.64.61\">h\u00e4r-&gt;<\/a>\u00a0d\u00e4r syns aktuell trafik p\u00e5 repeatern i realtid.<\/p>\n<p>DMR funktionen \u00e4r kopplad till det v\u00e4rldsomfattande Brandmeister systemet, den har ocks\u00e5 en kontrollpanel <a href=\"https:\/\/brandmeister.network\/?page=repeater&amp;id=240208\">h\u00e4r-&gt;<\/a> d\u00e4r man kan se bl.a. vilka talgrupper\u00a0som \u00e4r kopplade till Repeatern.<\/p>\n<p>D-star funktion \u00e4r som f\u00f6rrut kopplad till DSC systemet och ligger default till DSC010F, dvs. reflektorn f\u00f6r SM2 och SM3. Dess kontrollpanel syns\u00a0<a href=\"http:\/\/dcs010.xreflector.net\/dcs_userstatus.htm\">h\u00e4r -&gt;<\/a><\/p>\n<p>I vanlig ordning s\u00e5 var det lite krux att f\u00e5 det hela att fungera, ny teknik och ny radio. Det gick relativt l\u00e4tt att f\u00e5 den Motorola baserade repeatern att fungera, Tait-repeatern var sv\u00e5rare, dels pga av att det var en helt ny radio f\u00f6r mig samt att den \u00e4r DSP-baserad vilket inneb\u00e4r att signalerna f\u00f6rdr\u00f6js tidsm\u00e4ssigt i b\u00e5de TX och RX. MMDVM st\u00f6djer dock detta men man m\u00e5ste prova fram r\u00e4tt inst\u00e4llningar.<\/p>\n<p>More technical info <a href=\"https:\/\/www.sk2hg.se\/wp\/?page_id=3246\">here =&gt;<\/a><\/p>\n<p>Nedan f\u00f6ljer lite bilder fr\u00e5n bygget av repeatern.<\/p>\n\n\t\t<style type=\"text\/css\">\n\t\t\t#gallery-1 {\n\t\t\t\tmargin: auto;\n\t\t\t}\n\t\t\t#gallery-1 .gallery-item {\n\t\t\t\tfloat: left;\n\t\t\t\tmargin-top: 10px;\n\t\t\t\ttext-align: center;\n\t\t\t\twidth: 25%;\n\t\t\t}\n\t\t\t#gallery-1 img {\n\t\t\t\tborder: 2px solid #cfcfcf;\n\t\t\t}\n\t\t\t#gallery-1 .gallery-caption {\n\t\t\t\tmargin-left: 0;\n\t\t\t}\n\t\t\t\/* see gallery_shortcode() in wp-includes\/media.php *\/\n\t\t<\/style>\n\t\t<div id='gallery-1' class='gallery galleryid-62 gallery-columns-4 gallery-size-thumbnail'><dl class='gallery-item'>\n\t\t\t<dt class='gallery-icon landscape'>\n\t\t\t\t<a href='https:\/\/www.sk2hg.se\/wp\/?attachment_id=3070'><img loading=\"lazy\" decoding=\"async\" width=\"150\" height=\"150\" src=\"https:\/\/www.sk2hg.se\/wp\/wp-content\/uploads\/2017\/10\/Tait-150x150.jpg\" class=\"attachment-thumbnail size-thumbnail\" alt=\"\" \/><\/a>\n\t\t\t<\/dt><\/dl><dl class='gallery-item'>\n\t\t\t<dt class='gallery-icon landscape'>\n\t\t\t\t<a href='https:\/\/www.sk2hg.se\/wp\/?attachment_id=3112'><img loading=\"lazy\" decoding=\"async\" width=\"150\" height=\"150\" src=\"https:\/\/www.sk2hg.se\/wp\/wp-content\/uploads\/2014\/01\/DSC_0176b-150x150.jpg\" class=\"attachment-thumbnail size-thumbnail\" alt=\"\" \/><\/a>\n\t\t\t<\/dt><\/dl><dl class='gallery-item'>\n\t\t\t<dt class='gallery-icon landscape'>\n\t\t\t\t<a href='https:\/\/www.sk2hg.se\/wp\/?attachment_id=3110'><img loading=\"lazy\" decoding=\"async\" width=\"150\" height=\"150\" src=\"https:\/\/www.sk2hg.se\/wp\/wp-content\/uploads\/2014\/01\/DSC_0173b-150x150.jpg\" class=\"attachment-thumbnail size-thumbnail\" alt=\"\" \/><\/a>\n\t\t\t<\/dt><\/dl><dl class='gallery-item'>\n\t\t\t<dt class='gallery-icon landscape'>\n\t\t\t\t<a href='https:\/\/www.sk2hg.se\/wp\/?attachment_id=3104'><img loading=\"lazy\" decoding=\"async\" width=\"150\" height=\"150\" src=\"https:\/\/www.sk2hg.se\/wp\/wp-content\/uploads\/2014\/01\/DSC_0177b-150x150.jpg\" class=\"attachment-thumbnail size-thumbnail\" alt=\"\" \/><\/a>\n\t\t\t<\/dt><\/dl><br style=\"clear: both\" \/><dl class='gallery-item'>\n\t\t\t<dt class='gallery-icon landscape'>\n\t\t\t\t<a href='https:\/\/www.sk2hg.se\/wp\/?attachment_id=3106'><img loading=\"lazy\" decoding=\"async\" width=\"150\" height=\"150\" src=\"https:\/\/www.sk2hg.se\/wp\/wp-content\/uploads\/2014\/01\/DSC_0178b-150x150.jpg\" class=\"attachment-thumbnail size-thumbnail\" alt=\"\" \/><\/a>\n\t\t\t<\/dt><\/dl><dl class='gallery-item'>\n\t\t\t<dt class='gallery-icon landscape'>\n\t\t\t\t<a href='https:\/\/www.sk2hg.se\/wp\/?attachment_id=3108'><img loading=\"lazy\" decoding=\"async\" width=\"150\" height=\"150\" src=\"https:\/\/www.sk2hg.se\/wp\/wp-content\/uploads\/2014\/01\/DSC_0182b-150x150.jpg\" class=\"attachment-thumbnail size-thumbnail\" alt=\"\" \/><\/a>\n\t\t\t<\/dt><\/dl><dl class='gallery-item'>\n\t\t\t<dt class='gallery-icon landscape'>\n\t\t\t\t<a href='https:\/\/www.sk2hg.se\/wp\/?attachment_id=3088'><img loading=\"lazy\" decoding=\"async\" width=\"150\" height=\"150\" src=\"https:\/\/www.sk2hg.se\/wp\/wp-content\/uploads\/2017\/11\/RGD-DMR-1-150x150.jpg\" class=\"attachment-thumbnail size-thumbnail\" alt=\"\" \/><\/a>\n\t\t\t<\/dt><\/dl><dl class='gallery-item'>\n\t\t\t<dt class='gallery-icon landscape'>\n\t\t\t\t<a href='https:\/\/www.sk2hg.se\/wp\/?attachment_id=3102'><img loading=\"lazy\" decoding=\"async\" width=\"150\" height=\"150\" src=\"https:\/\/www.sk2hg.se\/wp\/wp-content\/uploads\/2014\/01\/dmr_log-150x150.png\" class=\"attachment-thumbnail size-thumbnail\" alt=\"\" \/><\/a>\n\t\t\t<\/dt><\/dl><br style=\"clear: both\" \/>\n\t\t<\/div>\n\n<p>&nbsp;<\/p>\n<p>&nbsp;<\/p>\n<p><img loading=\"lazy\" decoding=\"async\" style=\"font-size: 1rem; line-height: 1;\" alt=\"image\" src=\"https:\/\/www.remoterig.com\/picturepaster\/751c02c6fde8414ca39c138dc11b8a97.jpg\" width=\"347\" height=\"463\" border=\"0\" \/><\/p>\n<p><span style=\"font-size: small;\"> <em><span style=\"line-height: 1.714285714;\">R5 2-stack till v\u00e4nster DMR \/ D-star 4-stack till h\u00f6ger, APRS antennen precis ovanf\u00f6r<br \/>\n&#8211; Foto: SM2OAN<\/span><\/em><\/span><\/p>\n<p>Signalstyrka mot mobilstation simulerad med Radio Mobile (klicka p\u00e5 kartan f\u00f6r st\u00f6rre karta)<\/p>\n<p><a href=\"https:\/\/www.sk2hg.se\/wp\/wp-content\/uploads\/2014\/01\/Raggdynan_UHF.jpg\"><img loading=\"lazy\" decoding=\"async\" class=\"alignleft size-full wp-image-3426\" alt=\"Raggdynan_UHF\" src=\"https:\/\/www.sk2hg.se\/wp\/wp-content\/uploads\/2014\/01\/Raggdynan_UHF.jpg\" width=\"1024\" height=\"768\" srcset=\"https:\/\/www.sk2hg.se\/wp\/wp-content\/uploads\/2014\/01\/Raggdynan_UHF.jpg 1024w, https:\/\/www.sk2hg.se\/wp\/wp-content\/uploads\/2014\/01\/Raggdynan_UHF-300x225.jpg 300w, https:\/\/www.sk2hg.se\/wp\/wp-content\/uploads\/2014\/01\/Raggdynan_UHF-624x468.jpg 624w\" sizes=\"auto, (max-width: 1024px) 100vw, 1024px\" \/><\/a><\/p>\n<p><span style=\"font-size: small;\">\u00a0<\/span><\/p>\n<p><span style=\"font-size: small;\">Repeateransvarig &#8230;&#8230;&#8230;&#8230;&#8230;. SM2OAN Micke<\/span><br \/>\n<span style=\"font-size: small;\"> Lokal kontakt \/ Driftansvarig &#8230;. -&#8221;-<\/span><\/p>\n","protected":false},"excerpt":{"rendered":"<p>RU6\/RU380 SK2RJH \/ SK2RJH B &#8211; Kalix Raggdynan Repeatern \u00e4r f\u00f6r n\u00e4rvarande QRT D-star repeatern \u00e4r nu (17-11-11) utbytt mot en ny repeater Tait TB7100 med ett digital interface kallat MMDVM, samt en Raspberry Pi. Frekvensen \u00e4r den samma som f\u00f6rrut\u00a0 434.750 MHz med &#8211; 2 MHz skift, uteffekt till antenn ca 25W. MMDVM-kortet st\u00f6djer [&hellip;]<\/p>\n","protected":false},"author":2,"featured_media":0,"parent":36,"menu_order":0,"comment_status":"closed","ping_status":"closed","template":"","meta":{"footnotes":""},"class_list":["post-62","page","type-page","status-publish","hentry"],"_links":{"self":[{"href":"https:\/\/www.sk2hg.se\/wp\/index.php?rest_route=\/wp\/v2\/pages\/62","targetHints":{"allow":["GET"]}}],"collection":[{"href":"https:\/\/www.sk2hg.se\/wp\/index.php?rest_route=\/wp\/v2\/pages"}],"about":[{"href":"https:\/\/www.sk2hg.se\/wp\/index.php?rest_route=\/wp\/v2\/types\/page"}],"author":[{"embeddable":true,"href":"https:\/\/www.sk2hg.se\/wp\/index.php?rest_route=\/wp\/v2\/users\/2"}],"replies":[{"embeddable":true,"href":"https:\/\/www.sk2hg.se\/wp\/index.php?rest_route=%2Fwp%2Fv2%2Fcomments&post=62"}],"version-history":[{"count":34,"href":"https:\/\/www.sk2hg.se\/wp\/index.php?rest_route=\/wp\/v2\/pages\/62\/revisions"}],"predecessor-version":[{"id":5996,"href":"https:\/\/www.sk2hg.se\/wp\/index.php?rest_route=\/wp\/v2\/pages\/62\/revisions\/5996"}],"up":[{"embeddable":true,"href":"https:\/\/www.sk2hg.se\/wp\/index.php?rest_route=\/wp\/v2\/pages\/36"}],"wp:attachment":[{"href":"https:\/\/www.sk2hg.se\/wp\/index.php?rest_route=%2Fwp%2Fv2%2Fmedia&parent=62"}],"curies":[{"name":"wp","href":"https:\/\/api.w.org\/{rel}","templated":true}]}}