{"id":68,"date":"2014-01-29T23:02:42","date_gmt":"2014-01-29T22:02:42","guid":{"rendered":"http:\/\/www.remoterig.com\/sk2hg\/wp\/?page_id=68"},"modified":"2023-11-21T16:14:05","modified_gmt":"2023-11-21T15:14:05","slug":"rf95-raggdynan-kalix","status":"publish","type":"page","link":"https:\/\/www.sk2hg.se\/wp\/?page_id=68","title":{"rendered":"RF95 Raggdynan \/ KALIX"},"content":{"rendered":"<p><span style=\"line-height: 1.714285714; font-size: small;\">Repeatern har kanal RF95, dvs den s\u00e4nder p\u00e5 51.950 MHz och lyssnar p\u00e5 51.350 MHz. Man m\u00e5ste \u00a0anv\u00e4nda 107.2 Hz CTCSS subton p\u00e5 sin s\u00e4ndare f\u00f6r att komma in p\u00e5 repeatern. Man beh\u00f6ver INTE anv\u00e4nda n\u00e5gon 1750 Hz ton utan alla repeatrar i repeaterkedjan Kalixlinjen \u00f6ppnar automatiskt d\u00e5 den mottagit b\u00e4rv\u00e5g + CTCSS ton. Repeatern s\u00e4nder ocks\u00e5 subton 107.2 Hz om man vill ha tonsquelch aktiverad p\u00e5 sin radio.<\/span><\/p>\n<p><span style=\"font-size: small;\">Egenskaperna p\u00e5 sj\u00e4lva repeatern blev bra men bakgrundsnoiset fr\u00e5n \u00f6vrig kommersiell utrustning i huset s\u00e4tter ned k\u00e4nsligheten.<\/span><\/p>\n<p><span style=\"font-size: small;\"><img loading=\"lazy\" decoding=\"async\" style=\"font-size: 1rem; line-height: 1;\" alt=\"image\" src=\"https:\/\/www.remoterig.com\/picturepaster\/aa2b3b9929ee4a85a257763b51a79b87.jpg\" width=\"347\" height=\"463\" border=\"0\" \/><\/span><br \/>\n<span style=\"font-size: small;\"> <em><span style=\"line-height: 1.714285714;\">Repeater RF95 till h\u00f6ger i bild<\/span><\/em><\/span><\/p>\n<p><span style=\"font-size: small;\"><img loading=\"lazy\" decoding=\"async\" style=\"font-size: 1rem; line-height: 1;\" alt=\"image\" src=\"https:\/\/www.remoterig.com\/picturepaster\/d0825ac7c74141a5b7b90085ddc929a5.jpg\" width=\"347\" height=\"463\" border=\"0\" \/><\/span><br \/>\n<span style=\"font-size: small;\"> <em>Repeater General Electric ink\u00f6pt f\u00e4rdigt ombyggd fr\u00e5n USA<\/em><\/span><\/p>\n<p><span style=\"font-size: small;\">Duplexfiltern \u00e4r 2 st vanliga 4 burkars Radiomaster 80 Mhz som \u00e4r ihopsvetsade.<\/span><\/p>\n<p><span style=\"font-size: small;\">Men filtren blev precis lika bra som 80 MHz orginalen var.<\/span><\/p>\n<p><span style=\"font-size: small;\">Stationen \u00e4r en General Electric 100W som \u00e4r omtrimmad till 6m i USA. Den \u00e4r neddragen till 50W f\u00f6r att inte bli f\u00f6r varm vid kontinuerlig drift. Bra radio ren s\u00e4ndare, ingen p\u00e5verkan p\u00e5 mottagaren vid 50W i alla fall.<\/span><\/p>\n<p><span style=\"font-size: small;\"><img loading=\"lazy\" decoding=\"async\" style=\"font-size: 1rem; line-height: 1;\" alt=\"image\" src=\"https:\/\/www.remoterig.com\/picturepaster\/e5bd75cbf8b04ab2a797ff964d85d54f.jpg\" width=\"463\" height=\"347\" border=\"0\" \/><\/span><br \/>\n<span style=\"font-size: small;\"> <em><span style=\"line-height: 1.714285714;\">Duplexfiltern &#8211; Radiomaster<\/span><\/em><\/span><\/p>\n<p><span style=\"font-size: small;\"><img loading=\"lazy\" decoding=\"async\" style=\"font-size: 1rem; line-height: 1;\" alt=\"image\" src=\"https:\/\/www.remoterig.com\/picturepaster\/25ebe66199a442b2b1bb385248a9b6ac.jpg\" width=\"347\" height=\"463\" border=\"0\" \/><\/span><br \/>\n<span style=\"font-size: small;\"> <em><span style=\"line-height: 1.714285714;\">Antennen \u00e4r bara provisoriskt placerad p\u00e5 staketet till mastg\u00e5rden nu \u00f6ver vintern. \u00c4r det n\u00e5gon som tycker det \u00e4r kul att svetsa ihop en dipol i Aluminium som t\u00e5l att s\u00e4tta upp i en 76\/1000 mast s\u00e5 emottas en s\u00e5dan tacksamt.<\/span><\/em><\/span><\/p>\n<p><span style=\"font-size: small;\">Mera bilder finns <a href=\"https:\/\/www.sk2hg.se\/wp\/?page_id=464\">==&gt;H\u00e4r!<\/a><\/span><\/p>\n<p><span style=\"font-size: small;\">VoIP L\u00e4nkningen<\/span><\/p>\n<p><span style=\"font-size: small;\">All l\u00e4nkning mellan repeatrarna bygger p\u00e5 &#8216;VoIP&#8217; teknik. Du kan l\u00e4sa mera om l\u00e4nkningen <a href=\"https:\/\/www.sk2hg.se\/wp\/?page_id=36\">&#8211;&gt;H\u00e4r!<\/a><\/span><\/p>\n<p><span style=\"font-size: small;\">Repeater ansvarig &#8230;&#8230;&#8230;&#8230;&#8230;. SM2OAN Micke<\/span><br \/>\n<span style=\"font-size: small;\"> Lokal kontakt \/ Driftansvarig &#8230;. SM2OAN Micke<\/span><\/p>\n","protected":false},"excerpt":{"rendered":"<p>Repeatern har kanal RF95, dvs den s\u00e4nder p\u00e5 51.950 MHz och lyssnar p\u00e5 51.350 MHz. Man m\u00e5ste \u00a0anv\u00e4nda 107.2 Hz CTCSS subton p\u00e5 sin s\u00e4ndare f\u00f6r att komma in p\u00e5 repeatern. Man beh\u00f6ver INTE anv\u00e4nda n\u00e5gon 1750 Hz ton utan alla repeatrar i repeaterkedjan Kalixlinjen \u00f6ppnar automatiskt d\u00e5 den mottagit b\u00e4rv\u00e5g + CTCSS ton. Repeatern [&hellip;]<\/p>\n","protected":false},"author":2,"featured_media":0,"parent":36,"menu_order":0,"comment_status":"closed","ping_status":"closed","template":"","meta":{"footnotes":""},"class_list":["post-68","page","type-page","status-publish","hentry"],"_links":{"self":[{"href":"https:\/\/www.sk2hg.se\/wp\/index.php?rest_route=\/wp\/v2\/pages\/68","targetHints":{"allow":["GET"]}}],"collection":[{"href":"https:\/\/www.sk2hg.se\/wp\/index.php?rest_route=\/wp\/v2\/pages"}],"about":[{"href":"https:\/\/www.sk2hg.se\/wp\/index.php?rest_route=\/wp\/v2\/types\/page"}],"author":[{"embeddable":true,"href":"https:\/\/www.sk2hg.se\/wp\/index.php?rest_route=\/wp\/v2\/users\/2"}],"replies":[{"embeddable":true,"href":"https:\/\/www.sk2hg.se\/wp\/index.php?rest_route=%2Fwp%2Fv2%2Fcomments&post=68"}],"version-history":[{"count":8,"href":"https:\/\/www.sk2hg.se\/wp\/index.php?rest_route=\/wp\/v2\/pages\/68\/revisions"}],"predecessor-version":[{"id":5988,"href":"https:\/\/www.sk2hg.se\/wp\/index.php?rest_route=\/wp\/v2\/pages\/68\/revisions\/5988"}],"up":[{"embeddable":true,"href":"https:\/\/www.sk2hg.se\/wp\/index.php?rest_route=\/wp\/v2\/pages\/36"}],"wp:attachment":[{"href":"https:\/\/www.sk2hg.se\/wp\/index.php?rest_route=%2Fwp%2Fv2%2Fmedia&parent=68"}],"curies":[{"name":"wp","href":"https:\/\/api.w.org\/{rel}","templated":true}]}}