{"id":86,"date":"2014-01-29T23:10:23","date_gmt":"2014-01-29T22:10:23","guid":{"rendered":"http:\/\/www.remoterig.com\/sk2hg\/wp\/?page_id=86"},"modified":"2026-02-27T17:08:21","modified_gmt":"2026-02-27T16:08:21","slug":"medlemslista","status":"publish","type":"page","link":"https:\/\/www.sk2hg.se\/wp\/?page_id=86","title":{"rendered":"Medlemslista"},"content":{"rendered":"<p>Listan uppdaterad 2026-02-27<\/p>\n<p>Obeservera att medlemsavgiften f\u00f6r 2026 \u00e4r 100 Kr<\/p>\n<table>\n<tbody>\n<tr>\n<td width=\"600\">* = betalt f\u00f6r 2026<br \/>\nSA2BXX H\u00e5kan Ershammar *<br \/>\nSA2CKY Lars Salander *<br \/>\nSA2MCD Claus-Dieter Mayer-Labba * (both 26,27)<br \/>\nSA2VHK Viktor Harnesk<br \/>\nSM2CEW Peter Sundberg *<br \/>\nSM2CLY Erik Eriksson *<br \/>\nSM2ECL Anders Wikstr\u00f6m **<br \/>\nSM2EDE Pentti Forsstr\u00f6m<br \/>\nSM2EEC Sture Bylund *<br \/>\nSM2EJE Sigvard Haapalahti **<br \/>\nSM2EUO Lennart Jansson *<br \/>\nSM2HJJ Peter Sunde&#8217;n<br \/>\nSM2HQG Gunnar Johansson<br \/>\nSM2GCQ Bert Larsson *<br \/>\nSM2GET Anders Hansson *<br \/>\nSM2GXN Bj\u00f6rn S\u00f6derholm *<br \/>\nSM2IAR Mikael Larsson *<br \/>\nSM2IUF Gunnar Isaksson<br \/>\nSM2K Calle Pettersson<br \/>\nSM2KQW Erik Lundstr\u00f6m<br \/>\nSM2LDG Ulf Jonsson<br \/>\nSM2LKW Hans Johansson<br \/>\nSM2OAM J\u00f6rgen Forsberg *<br \/>\nSM2OAN Mikael Styrefors *<br \/>\nSM2OTU Conny Erkheikki *<br \/>\nSM2OUY B\u00f6rje Josefsson *<br \/>\nSM2S Kari Alam\u00e4ki *<br \/>\nSM2SHX Birger Lundqvist *<br \/>\nSM2SRV Helge Halmetkangas **<br \/>\nSM2SXA Urban Holmdahl<br \/>\nSM2Z Anders Skoglund<br \/>\nSM5AQT Rolf Malmgren<\/td>\n<\/tr>\n<\/tbody>\n<\/table>\n","protected":false},"excerpt":{"rendered":"<p>Listan uppdaterad 2026-02-27 Obeservera att medlemsavgiften f\u00f6r 2026 \u00e4r 100 Kr * = betalt f\u00f6r 2026 SA2BXX H\u00e5kan Ershammar * SA2CKY Lars Salander * SA2MCD Claus-Dieter Mayer-Labba * (both 26,27) SA2VHK Viktor Harnesk SM2CEW Peter Sundberg * SM2CLY Erik Eriksson * SM2ECL Anders Wikstr\u00f6m ** SM2EDE Pentti Forsstr\u00f6m SM2EEC Sture Bylund * SM2EJE Sigvard Haapalahti [&hellip;]<\/p>\n","protected":false},"author":2,"featured_media":0,"parent":170,"menu_order":0,"comment_status":"closed","ping_status":"closed","template":"","meta":{"footnotes":""},"class_list":["post-86","page","type-page","status-publish","hentry"],"_links":{"self":[{"href":"https:\/\/www.sk2hg.se\/wp\/index.php?rest_route=\/wp\/v2\/pages\/86","targetHints":{"allow":["GET"]}}],"collection":[{"href":"https:\/\/www.sk2hg.se\/wp\/index.php?rest_route=\/wp\/v2\/pages"}],"about":[{"href":"https:\/\/www.sk2hg.se\/wp\/index.php?rest_route=\/wp\/v2\/types\/page"}],"author":[{"embeddable":true,"href":"https:\/\/www.sk2hg.se\/wp\/index.php?rest_route=\/wp\/v2\/users\/2"}],"replies":[{"embeddable":true,"href":"https:\/\/www.sk2hg.se\/wp\/index.php?rest_route=%2Fwp%2Fv2%2Fcomments&post=86"}],"version-history":[{"count":137,"href":"https:\/\/www.sk2hg.se\/wp\/index.php?rest_route=\/wp\/v2\/pages\/86\/revisions"}],"predecessor-version":[{"id":6645,"href":"https:\/\/www.sk2hg.se\/wp\/index.php?rest_route=\/wp\/v2\/pages\/86\/revisions\/6645"}],"up":[{"embeddable":true,"href":"https:\/\/www.sk2hg.se\/wp\/index.php?rest_route=\/wp\/v2\/pages\/170"}],"wp:attachment":[{"href":"https:\/\/www.sk2hg.se\/wp\/index.php?rest_route=%2Fwp%2Fv2%2Fmedia&parent=86"}],"curies":[{"name":"wp","href":"https:\/\/api.w.org\/{rel}","templated":true}]}}