{"id":90,"date":"2014-01-30T08:49:49","date_gmt":"2014-01-30T07:49:49","guid":{"rendered":"http:\/\/www.remoterig.com\/sk2hg\/wp\/?page_id=90"},"modified":"2026-01-18T19:59:30","modified_gmt":"2026-01-18T18:59:30","slug":"ais","status":"publish","type":"page","link":"https:\/\/www.sk2hg.se\/wp\/?page_id=90","title":{"rendered":"AIS"},"content":{"rendered":"<p><span style=\"font-size: small;\">Kalix Radioklubb driver ett system f\u00f6r att visa hur sj\u00f6fart med AIS transpondrar r\u00f6r sig p\u00e5 Bottenviken. Fem mottagare finns utplacerade runt norra Bottenviken, fr\u00e5n Jakobstad i s\u00f6der till Kalix i norr<\/span><\/p>\n<p><a href=\"https:\/\/ais.sk2hg.se\"><img loading=\"lazy\" decoding=\"async\" class=\"alignleft size-full wp-image-6572\" src=\"https:\/\/www.sk2hg.se\/wp\/wp-content\/uploads\/2025\/09\/ais-bild.png\" alt=\"\" width=\"874\" height=\"676\" \/><\/a><\/p>\n<p><a style=\"font-size: small; line-height: 1.714285714;\" href=\"https:\/\/ais.sk2hg.se\" target=\"_blank\" rel=\"noopener\">H\u00e4r finns webbsidan med kartan<\/a><\/p>\n<p><span style=\"font-size: small;\">Mottagaren i Kalix \u00e4r en tv\u00e5kanalsmottagare, en Smart Radio SR162.\u00a0<\/span><\/p>\n<p><span style=\"font-size: small;\"><img loading=\"lazy\" decoding=\"async\" style=\"border: 0px;\" src=\"https:\/\/www.remoterig.com\/picturepaster\/e723845f66d04377b5202cd4f3f49661.jpg\" alt=\"image\" width=\"175\" height=\"150\" border=\"0\" \/><\/span><\/p>\n<p><span style=\"font-size: small;\">F\u00f6r att f\u00e5 bra r\u00e4ckvidd \u00e4r mottagaren placerad p\u00e5 ett berg ca 15 km fr\u00e5n Kalix. Antennh\u00f6jden blir d\u00e4rmed ca 160 m \u00f6ver havet och r\u00e4ckvidden mer \u00e4n 100 nm. Antennen \u00e4r en enkel dipol AV1312 fr\u00e5n Aerial OY.<\/span><\/p>\n<p><span style=\"font-size: small;\">F\u00f6r att \u00f6verf\u00f6ra NMEA informationen fr\u00e5n SR162:an till servern \u00a0d\u00e4r Shipplotter k\u00f6rs s\u00e5 anv\u00e4nder vi en RS232 till IP converter som sedan \u00e4r kopplad till en 5 GHz l\u00e4nk Power Beam 5 AC . L\u00e4nkhoppet \u00e4r ca 15 km till en likadan antenn, \u00a0som sedan \u00e4r kopplad till Internet. Sj\u00e4lva programvaran k\u00f6rs numera p\u00e5 en sk VPS-server (virtual private server) p\u00e5 ett serverhotell, detta f\u00f6r att f\u00e5 s\u00e5 h\u00f6g drifts\u00e4kerhet som m\u00f6jligt.<\/span><\/p>\n<p><span style=\"font-size: small;\">P\u00e5 Seskar\u00f6 sitter en SR-161 och i Pite\u00e5, Skellefte\u00e5 och Jakobstad en SR-162. I praktiken \u00e4r det ingen skillnad p\u00e5 SR-161 eller SR-162 s\u00e4rskilt om man har mer \u00e4n en mottagare. Alla \u00a0antenner \u00e4r kommersiella 0dB antenner. Antennen har heller ingen stor betydelse, Radio horisonten \u00e4r d\u00e4r den \u00e4r. Det \u00e4r bara en sak som r\u00e4knas det \u00e4r h\u00f6jden \u00f6ver havet. Det \u00e4r klart att har man l\u00e5ng kabel s\u00e5 m\u00e5ste den ha l\u00e5g f\u00f6rlust ocks\u00e5. Dessa antenner \u00e4r anslutna med 30-60 m 7\/8&#8243; Comflex. Redundansen \u00e4r mycket bra mellan de 3 platserna i norr och det m\u00e4rks inte s\u00e5 mycket om en mottagare faller i fr\u00e5n, knappast heller om tv\u00e5 g\u00f6r det. Svenska sidan av Bottenviken t\u00e4cks in i alla fall.<\/span><\/p>\n<p><span style=\"font-size: small;\"><img alt=\"\" \/><\/span><\/p>\n<p><span style=\"font-size: small;\"><img loading=\"lazy\" decoding=\"async\" src=\"http:\/\/www.remoterig.com\/picturepaster\/b6415bfb26f649ecb0a622b73a1f6311.jpg\" alt=\"image\" width=\"800\" height=\"400\" border=\"0\" \/><\/span><\/p>\n<p><span style=\"font-size: small;\">Nedan visas datorsimulerade r\u00e4ckviddskartor. Simuleringarna \u00e4r gjord utifr\u00e5n hur l\u00e5ngt borta ett fartyg med Class A transponder och antennh\u00f6jd 20m \u00f6h syns. Mottagarens k\u00e4nslighet \u00e4r -112dBm. Simuleringarna verkar st\u00e4mma r\u00e4tt bra med verkligheten, ofta syns ju tex isbrytare \u00e4nnu l\u00e4ngre bort men dom har ju antennerna p\u00e5 40-45m \u00f6h.\u00a0<\/span><\/p>\n<p><span style=\"font-size: small;\"><a href=\"https:\/\/www.sk2hg.se\/wp\/wp-content\/uploads\/2014\/01\/AIS-Kalix-Ship-classA-20m-112dBm.bmp\"><img decoding=\"async\" class=\"alignnone size-full wp-image-620\" src=\"https:\/\/www.sk2hg.se\/wp\/wp-content\/uploads\/2014\/01\/AIS-Kalix-Ship-classA-20m-112dBm.bmp\" alt=\"AIS-Kalix-Ship-classA-20m-112dBm\" \/><br \/>\nR<\/a>\u00e4ckvidd AIS-mottagaren i Kalix<\/span><\/p>\n<p>&nbsp;<\/p>\n<p><img decoding=\"async\" class=\"alignnone size-full wp-image-622\" src=\"https:\/\/www.sk2hg.se\/wp\/wp-content\/uploads\/2014\/01\/AIS-Seskar\u00f6-ship-classA-20m-112dBm.bmp\" alt=\"AIS-Seskar\u00f6-ship-classA-20m-112dBm\" \/><span style=\"font-size: small;\">R\u00e4ckvidd AIS-mottagaren p\u00e5 Seskar\u00f6<\/span><\/p>\n<p><a href=\"https:\/\/www.sk2hg.se\/wp\/wp-content\/uploads\/2014\/01\/AIS-Pitholm-Ship-classA-20m-112dBm1.bmp\"><img decoding=\"async\" class=\"alignnone size-full wp-image-632\" src=\"https:\/\/www.sk2hg.se\/wp\/wp-content\/uploads\/2014\/01\/AIS-Pitholm-Ship-classA-20m-112dBm1.bmp\" alt=\"AIS-Pitholm-Ship-classA-20m-112dBm\" \/><br \/>\n<span style=\"font-size: small;\">R<\/span><\/a><span style=\"font-size: small;\">\u00e4ckvidd AIS-mottagaren p\u00e5 Pitholm<\/span><\/p>\n","protected":false},"excerpt":{"rendered":"<p>Kalix Radioklubb driver ett system f\u00f6r att visa hur sj\u00f6fart med AIS transpondrar r\u00f6r sig p\u00e5 Bottenviken. Fem mottagare finns utplacerade runt norra Bottenviken, fr\u00e5n Jakobstad i s\u00f6der till Kalix i norr H\u00e4r finns webbsidan med kartan Mottagaren i Kalix \u00e4r en tv\u00e5kanalsmottagare, en Smart Radio SR162.\u00a0 F\u00f6r att f\u00e5 bra r\u00e4ckvidd \u00e4r mottagaren placerad [&hellip;]<\/p>\n","protected":false},"author":2,"featured_media":0,"parent":0,"menu_order":8,"comment_status":"closed","ping_status":"closed","template":"","meta":{"footnotes":""},"class_list":["post-90","page","type-page","status-publish","hentry"],"_links":{"self":[{"href":"https:\/\/www.sk2hg.se\/wp\/index.php?rest_route=\/wp\/v2\/pages\/90","targetHints":{"allow":["GET"]}}],"collection":[{"href":"https:\/\/www.sk2hg.se\/wp\/index.php?rest_route=\/wp\/v2\/pages"}],"about":[{"href":"https:\/\/www.sk2hg.se\/wp\/index.php?rest_route=\/wp\/v2\/types\/page"}],"author":[{"embeddable":true,"href":"https:\/\/www.sk2hg.se\/wp\/index.php?rest_route=\/wp\/v2\/users\/2"}],"replies":[{"embeddable":true,"href":"https:\/\/www.sk2hg.se\/wp\/index.php?rest_route=%2Fwp%2Fv2%2Fcomments&post=90"}],"version-history":[{"count":42,"href":"https:\/\/www.sk2hg.se\/wp\/index.php?rest_route=\/wp\/v2\/pages\/90\/revisions"}],"predecessor-version":[{"id":6628,"href":"https:\/\/www.sk2hg.se\/wp\/index.php?rest_route=\/wp\/v2\/pages\/90\/revisions\/6628"}],"wp:attachment":[{"href":"https:\/\/www.sk2hg.se\/wp\/index.php?rest_route=%2Fwp%2Fv2%2Fmedia&parent=90"}],"curies":[{"name":"wp","href":"https:\/\/api.w.org\/{rel}","templated":true}]}}